{"id":1881,"date":"2024-08-26T11:34:40","date_gmt":"2024-08-26T08:34:40","guid":{"rendered":"https:\/\/uluform.com\/?page_id=1881"},"modified":"2024-08-26T11:48:31","modified_gmt":"2024-08-26T08:48:31","slug":"kalip-tasarimi-arge","status":"publish","type":"page","link":"https:\/\/uluform.com\/en\/kalip-tasarimi-arge\/","title":{"rendered":"Kal\u0131p Tasar\u0131m\u0131 Arge"},"content":{"rendered":"<div data-elementor-type=\"wp-page\" data-elementor-id=\"1881\" class=\"elementor elementor-1881\">\n\t\t\t\t<div class=\"elementor-element elementor-element-1673fda e-flex e-con-boxed e-con e-parent\" data-id=\"1673fda\" data-element_type=\"container\" data-e-type=\"container\">\n\t\t\t\t\t<div class=\"e-con-inner\">\n\t\t\t\t<div class=\"elementor-element elementor-element-ea084bf elementor-widget elementor-widget-image-gallery\" data-id=\"ea084bf\" data-element_type=\"widget\" data-e-type=\"widget\" data-widget_type=\"image-gallery.default\">\n\t\t\t\t<div class=\"elementor-widget-container\">\n\t\t\t\t\t\t\t<div class=\"elementor-image-gallery\">\n\t\t\t<div id='gallery-1' class='gallery galleryid-1881 gallery-columns-3 gallery-size-full'><figure class='gallery-item'>\n\t\t\t<div class='gallery-icon landscape'>\n\t\t\t\t<a data-elementor-open-lightbox=\"yes\" data-elementor-lightbox-slideshow=\"ea084bf\" data-e-action-hash=\"#elementor-action%3Aaction%3Dlightbox%26settings%3DeyJpZCI6MTg4NCwidXJsIjoiaHR0cHM6XC9cL3VsdWZvcm0uY29tXC93cC1jb250ZW50XC91cGxvYWRzXC8yMDI0XC8wOFwva2FsaXAtMS5wbmciLCJzbGlkZXNob3ciOiJlYTA4NGJmIn0%3D\" href='https:\/\/uluform.com\/wp-content\/uploads\/2024\/08\/kalip-1.png'><img fetchpriority=\"high\" decoding=\"async\" width=\"1188\" height=\"1080\" src=\"https:\/\/uluform.com\/wp-content\/uploads\/2024\/08\/kalip-1.png\" class=\"attachment-full size-full\" alt=\"\" srcset=\"https:\/\/uluform.com\/wp-content\/uploads\/2024\/08\/kalip-1.png 1188w, https:\/\/uluform.com\/wp-content\/uploads\/2024\/08\/kalip-1-300x273.png 300w, https:\/\/uluform.com\/wp-content\/uploads\/2024\/08\/kalip-1-1024x931.png 1024w, https:\/\/uluform.com\/wp-content\/uploads\/2024\/08\/kalip-1-768x698.png 768w\" sizes=\"(max-width: 1188px) 100vw, 1188px\" \/><\/a>\n\t\t\t<\/div><\/figure>\n\t\t<\/div>\n\t\t<\/div>\n\t\t\t\t\t\t<\/div>\n\t\t\t\t<\/div>\n\t\t\t\t\t<\/div>\n\t\t\t\t<\/div>\n\t\t<div class=\"elementor-element elementor-element-8013560 e-flex e-con-boxed e-con e-parent\" data-id=\"8013560\" data-element_type=\"container\" data-e-type=\"container\">\n\t\t\t\t\t<div class=\"e-con-inner\">\n\t\t\t\t<div class=\"elementor-element elementor-element-45f5bb3 elementor-widget elementor-widget-text-editor\" data-id=\"45f5bb3\" data-element_type=\"widget\" data-e-type=\"widget\" data-widget_type=\"text-editor.default\">\n\t\t\t\t<div class=\"elementor-widget-container\">\n\t\t\t\t\t\t\t\t\t<p>\u00dcretmi\u015f oldu\u011fumuz \u00fcr\u00fcnlerimizin tamam\u0131na ait kal\u0131plar firmam\u0131z b\u00fcnyesinde imal edilmektedir. Tasar\u0131m a\u015famas\u0131ndan imalata kadar olan b\u00fct\u00fcn s\u00fcre\u00e7ler firmam\u0131z kontrol\u00fcnde ger\u00e7ekle\u015ftirilerek, olu\u015fabilecek hatalar minimize edilerek en h\u0131zl\u0131 \u015fekilde y\u00fcr\u00fct\u00fclmektedir. Kal\u0131p imalatlar\u0131m\u0131zda al\u00fcminyum, MDF, Polyester gibi farkl\u0131 materyaller kullan\u0131lmaktad\u0131r. S\u00fcrekli geli\u015fim ilkesiyle tasar\u0131m ve imalat s\u00fcre\u00e7lerimiz teknolojiye ayak uydurarak ilerlemektedir. \u0130htiyac\u0131n\u0131za en uygun \u00e7\u00f6z\u00fcm ve \u00f6nerilerimiz i\u00e7in bize dan\u0131\u015fabilirsiniz.<\/p>\t\t\t\t\t\t\t\t<\/div>\n\t\t\t\t<\/div>\n\t\t\t\t\t<\/div>\n\t\t\t\t<\/div>\n\t\t\t\t<\/div>","protected":false},"excerpt":{"rendered":"<p>\u00dcretmi\u015f oldu\u011fumuz \u00fcr\u00fcnlerimizin tamam\u0131na ait kal\u0131plar firmam\u0131z b\u00fcnyesinde imal edilmektedir. Tasar\u0131m a\u015famas\u0131ndan imalata kadar olan b\u00fct\u00fcn s\u00fcre\u00e7ler firmam\u0131z kontrol\u00fcnde ger\u00e7ekle\u015ftirilerek, olu\u015fabilecek hatalar minimize edilerek en h\u0131zl\u0131 \u015fekilde y\u00fcr\u00fct\u00fclmektedir. Kal\u0131p imalatlar\u0131m\u0131zda al\u00fcminyum, MDF, Polyester gibi farkl\u0131 materyaller kullan\u0131lmaktad\u0131r. S\u00fcrekli geli\u015fim ilkesiyle tasar\u0131m ve imalat s\u00fcre\u00e7lerimiz teknolojiye ayak uydurarak ilerlemektedir. \u0130htiyac\u0131n\u0131za en uygun \u00e7\u00f6z\u00fcm ve \u00f6nerilerimiz i\u00e7in [&hellip;]<\/p>","protected":false},"author":1,"featured_media":0,"parent":0,"menu_order":0,"comment_status":"closed","ping_status":"closed","template":"","meta":{"footnotes":""},"class_list":["post-1881","page","type-page","status-publish","hentry"],"blocksy_meta":[],"_links":{"self":[{"href":"https:\/\/uluform.com\/en\/wp-json\/wp\/v2\/pages\/1881"}],"collection":[{"href":"https:\/\/uluform.com\/en\/wp-json\/wp\/v2\/pages"}],"about":[{"href":"https:\/\/uluform.com\/en\/wp-json\/wp\/v2\/types\/page"}],"author":[{"embeddable":true,"href":"https:\/\/uluform.com\/en\/wp-json\/wp\/v2\/users\/1"}],"replies":[{"embeddable":true,"href":"https:\/\/uluform.com\/en\/wp-json\/wp\/v2\/comments?post=1881"}],"version-history":[{"count":8,"href":"https:\/\/uluform.com\/en\/wp-json\/wp\/v2\/pages\/1881\/revisions"}],"predecessor-version":[{"id":1891,"href":"https:\/\/uluform.com\/en\/wp-json\/wp\/v2\/pages\/1881\/revisions\/1891"}],"wp:attachment":[{"href":"https:\/\/uluform.com\/en\/wp-json\/wp\/v2\/media?parent=1881"}],"curies":[{"name":"wp","href":"https:\/\/api.w.org\/{rel}","templated":true}]}}