{"id":1647,"date":"2024-08-21T12:40:49","date_gmt":"2024-08-21T09:40:49","guid":{"rendered":"https:\/\/uluform.com\/?page_id=1647"},"modified":"2024-10-02T20:30:10","modified_gmt":"2024-10-02T17:30:10","slug":"kopuk-seperatorler","status":"publish","type":"page","link":"https:\/\/uluform.com\/en\/kopuk-seperatorler\/","title":{"rendered":"Foam Carrier Separators:"},"content":{"rendered":"<div data-elementor-type=\"wp-page\" data-elementor-id=\"1647\" class=\"elementor elementor-1647\">\n\t\t\t\t<div class=\"elementor-element elementor-element-79bb5e2 e-flex e-con-boxed e-con e-parent\" data-id=\"79bb5e2\" data-element_type=\"container\" data-e-type=\"container\">\n\t\t\t\t\t<div class=\"e-con-inner\">\n\t\t\t\t<div class=\"elementor-element elementor-element-e5527ab elementor-widget elementor-widget-image-gallery\" data-id=\"e5527ab\" data-element_type=\"widget\" data-e-type=\"widget\" data-widget_type=\"image-gallery.default\">\n\t\t\t\t<div class=\"elementor-widget-container\">\n\t\t\t\t\t\t\t<div class=\"elementor-image-gallery\">\n\t\t\t<div id='gallery-1' class='gallery galleryid-1647 gallery-columns-3 gallery-size-full'><figure class='gallery-item'>\n\t\t\t<div class='gallery-icon landscape'>\n\t\t\t\t<a data-elementor-open-lightbox=\"yes\" data-elementor-lightbox-slideshow=\"e5527ab\" data-e-action-hash=\"#elementor-action%3Aaction%3Dlightbox%26settings%3DeyJpZCI6MTY1MSwidXJsIjoiaHR0cHM6XC9cL3VsdWZvcm0uY29tXC93cC1jb250ZW50XC91cGxvYWRzXC8yMDI0XC8wOFwva29wdWsuanBlZyIsInNsaWRlc2hvdyI6ImU1NTI3YWIifQ%3D%3D\" href='https:\/\/uluform.com\/wp-content\/uploads\/2024\/08\/kopuk.jpeg'><img fetchpriority=\"high\" decoding=\"async\" width=\"650\" height=\"406\" src=\"https:\/\/uluform.com\/wp-content\/uploads\/2024\/08\/kopuk.jpeg\" class=\"attachment-full size-full\" alt=\"\" srcset=\"https:\/\/uluform.com\/wp-content\/uploads\/2024\/08\/kopuk.jpeg 650w, https:\/\/uluform.com\/wp-content\/uploads\/2024\/08\/kopuk-300x187.jpeg 300w\" sizes=\"(max-width: 650px) 100vw, 650px\" \/><\/a>\n\t\t\t<\/div><\/figure>\n\t\t<\/div>\n\t\t<\/div>\n\t\t\t\t\t\t<\/div>\n\t\t\t\t<\/div>\n\t\t\t\t\t<\/div>\n\t\t\t\t<\/div>\n\t\t<div class=\"elementor-element elementor-element-a8138a3 e-flex e-con-boxed e-con e-parent\" data-id=\"a8138a3\" data-element_type=\"container\" data-e-type=\"container\">\n\t\t\t\t\t<div class=\"e-con-inner\">\n\t\t\t\t<div class=\"elementor-element elementor-element-0f58053 elementor-widget elementor-widget-text-editor\" data-id=\"0f58053\" data-element_type=\"widget\" data-e-type=\"widget\" data-widget_type=\"text-editor.default\">\n\t\t\t\t<div class=\"elementor-widget-container\">\n\t\t\t\t\t\t\t\t\t<p><strong>K\u00f6p\u00fck Ta\u015f\u0131y\u0131c\u0131 Seperat\u00f6rler:<\/strong><br \/>Eva (Ethylene Vinyl Acetate), PE etc. Carrier separators specially produced from foam materials play an important role in the fields of material engineering and industrial design. These materials are special materials used in various applications. They are polymers used in many industrial areas thanks to their properties such as softness, flexibility and transparency. It is frequently used in foam production because when mixed with foaming agents, lightweight, flexible and impact-resistant foam materials are obtained. It is also used in various areas such as shoe soles, sports equipment and insulation materials. Sponge carrier separators are specially designed separators produced to protect and separate products generally used in industrial packaging. Eva and PE foam stand out as materials frequently used in the production of such separators. particularly sensitive<br \/>It is common to use such carrier separators in the transportation or protection of products. They can be produced in different shapes and sizes, making them suitable for various industrial needs.<\/p><p><strong>Advantages<\/strong><br \/>\u2022Lightness: EVA foam is a lightweight material thanks to its low density. This feature facilitates transportation and manipulation processes and reduces transportation costs.<br \/>\u2022Flexibility and Impact Absorption: The flexibility of EVA foam ensures the protection of products against impacts. This feature plays an important role in the safe transportation of fragile products such as sensitive electronic devices.<br \/>\u2022High Insulation Properties: EVA foam, which is effective in heat and sound insulation, is ideal to meet the insulation requirements in industrial applications.<br \/>\u2022Easy Processability: EVA foam is easy to cut, shape and process. This feature facilitates the production of foam carrier separators suitable for specific design requirements.<br \/>\u2022<span style=\"font-family: inherit; font-size: inherit; font-style: inherit; font-variant-ligatures: inherit; font-variant-caps: inherit; font-weight: inherit; text-align: var(--text-align); background-color: var(--theme-palette-color-8); color: var(--theme-text-color); letter-spacing: var(--theme-letter-spacing); text-transform: var(--theme-text-transform);\">Chemical Resistance: EVA is resistant to chemicals and can remain stable even in long-term use. This feature ensures reliability in industrial environments.\u00a0<\/span><span style=\"font-family: inherit; font-size: inherit; font-style: inherit; font-variant-ligatures: inherit; font-variant-caps: inherit; font-weight: inherit; text-align: var(--text-align); background-color: var(--theme-palette-color-8); color: var(--theme-text-color); letter-spacing: var(--theme-letter-spacing); text-transform: var(--theme-text-transform);\">.<br \/><\/span><span style=\"font-family: inherit; font-size: inherit; font-style: inherit; font-variant-ligatures: inherit; font-variant-caps: inherit; font-weight: inherit; text-align: var(--text-align); background-color: var(--theme-palette-color-8); color: var(--theme-text-color); letter-spacing: var(--theme-letter-spacing); text-transform: var(--theme-text-transform);\">\u2022<\/span><span style=\"font-family: inherit; font-size: inherit; font-style: inherit; font-variant-ligatures: inherit; font-variant-caps: inherit; font-weight: inherit; text-align: var(--text-align); background-color: var(--theme-palette-color-8); color: var(--theme-text-color); letter-spacing: var(--theme-letter-spacing); text-transform: var(--theme-text-transform);\">Cost-Effectiveness: It can reduce costs with the protection and durability it provides during production processes and transportation.\u00a0<\/span><span style=\"font-family: inherit; font-size: inherit; font-style: inherit; font-variant-ligatures: inherit; font-variant-caps: inherit; font-weight: inherit; text-align: var(--text-align); background-color: var(--theme-palette-color-8); color: var(--theme-text-color); letter-spacing: var(--theme-letter-spacing); text-transform: var(--theme-text-transform);\">.<\/span><\/p><p>These advantages are the main reasons why foam carrier separators are preferred in many industrial applications.<\/p>\t\t\t\t\t\t\t\t<\/div>\n\t\t\t\t<\/div>\n\t\t\t\t\t<\/div>\n\t\t\t\t<\/div>\n\t\t\t\t<\/div>","protected":false},"excerpt":{"rendered":"<p>K\u00f6p\u00fck Ta\u015f\u0131y\u0131c\u0131 Seperat\u00f6rler:Eva (Etilen Vinil Asetat), PE vb. k\u00f6p\u00fck malzemelerden \u00f6zel olarak \u00fcretilen ta\u015f\u0131y\u0131c\u0131 seperat\u00f6rler, malzeme m\u00fchendisli\u011fi ve end\u00fcstriyel tasar\u0131m alanlar\u0131nda \u00f6nemli rol oynamaktad\u0131r. Bu malzemeler \u00e7e\u015fitli uygulamalarda kullan\u0131lan \u00f6zel malzemelerdir. Yumu\u015fakl\u0131k, esneklik ve \u015feffafl\u0131k gibi \u00f6zellikleri sayesinde pek \u00e7ok end\u00fcstriyel alanda kullan\u0131lan polimerlerdir. K\u00f6p\u00fck \u00fcretiminde s\u0131k\u00e7a kullan\u0131l\u0131r \u00e7\u00fcnk\u00fc k\u00f6p\u00fcren ajanlarla kar\u0131\u015ft\u0131r\u0131ld\u0131\u011f\u0131nda hafif, esnek ve [&hellip;]<\/p>","protected":false},"author":1,"featured_media":0,"parent":0,"menu_order":0,"comment_status":"closed","ping_status":"closed","template":"","meta":{"footnotes":""},"class_list":["post-1647","page","type-page","status-publish","hentry"],"blocksy_meta":[],"_links":{"self":[{"href":"https:\/\/uluform.com\/en\/wp-json\/wp\/v2\/pages\/1647"}],"collection":[{"href":"https:\/\/uluform.com\/en\/wp-json\/wp\/v2\/pages"}],"about":[{"href":"https:\/\/uluform.com\/en\/wp-json\/wp\/v2\/types\/page"}],"author":[{"embeddable":true,"href":"https:\/\/uluform.com\/en\/wp-json\/wp\/v2\/users\/1"}],"replies":[{"embeddable":true,"href":"https:\/\/uluform.com\/en\/wp-json\/wp\/v2\/comments?post=1647"}],"version-history":[{"count":24,"href":"https:\/\/uluform.com\/en\/wp-json\/wp\/v2\/pages\/1647\/revisions"}],"predecessor-version":[{"id":1996,"href":"https:\/\/uluform.com\/en\/wp-json\/wp\/v2\/pages\/1647\/revisions\/1996"}],"wp:attachment":[{"href":"https:\/\/uluform.com\/en\/wp-json\/wp\/v2\/media?parent=1647"}],"curies":[{"name":"wp","href":"https:\/\/api.w.org\/{rel}","templated":true}]}}