{"id":1628,"date":"2024-08-21T12:38:19","date_gmt":"2024-08-21T09:38:19","guid":{"rendered":"https:\/\/uluform.com\/?page_id=1628"},"modified":"2024-09-03T15:30:30","modified_gmt":"2024-09-03T12:30:30","slug":"pp-oluklu-seperatorler-ve-pp-kutular","status":"publish","type":"page","link":"https:\/\/uluform.com\/en\/pp-oluklu-seperatorler-ve-pp-kutular\/","title":{"rendered":"PP Corrugated Separators and PP Boxes"},"content":{"rendered":"<div data-elementor-type=\"wp-page\" data-elementor-id=\"1628\" class=\"elementor elementor-1628\">\n\t\t\t\t<div class=\"elementor-element elementor-element-3b95601 e-flex e-con-boxed e-con e-parent\" data-id=\"3b95601\" data-element_type=\"container\" data-e-type=\"container\">\n\t\t\t\t\t<div class=\"e-con-inner\">\n\t\t\t\t<div class=\"elementor-element elementor-element-736f940 gallery-spacing-custom elementor-widget elementor-widget-image-gallery\" data-id=\"736f940\" data-element_type=\"widget\" data-e-type=\"widget\" data-widget_type=\"image-gallery.default\">\n\t\t\t\t<div class=\"elementor-widget-container\">\n\t\t\t\t\t\t\t<div class=\"elementor-image-gallery\">\n\t\t\t<div id='gallery-1' class='gallery galleryid-1628 gallery-columns-5 gallery-size-full'><figure class='gallery-item'>\n\t\t\t<div class='gallery-icon landscape'>\n\t\t\t\t<a data-elementor-open-lightbox=\"yes\" data-elementor-lightbox-slideshow=\"736f940\" data-e-action-hash=\"#elementor-action%3Aaction%3Dlightbox%26settings%3DeyJpZCI6MTYzMSwidXJsIjoiaHR0cHM6XC9cL3VsdWZvcm0uY29tXC93cC1jb250ZW50XC91cGxvYWRzXC8yMDI0XC8wOFwvcHAtb2x1a2x1LTMuanBlZyIsInNsaWRlc2hvdyI6IjczNmY5NDAifQ%3D%3D\" href='https:\/\/uluform.com\/wp-content\/uploads\/2024\/08\/pp-oluklu-3.jpeg'><img fetchpriority=\"high\" decoding=\"async\" width=\"1600\" height=\"1236\" src=\"https:\/\/uluform.com\/wp-content\/uploads\/2024\/08\/pp-oluklu-3.jpeg\" class=\"attachment-full size-full\" alt=\"\" srcset=\"https:\/\/uluform.com\/wp-content\/uploads\/2024\/08\/pp-oluklu-3.jpeg 1600w, https:\/\/uluform.com\/wp-content\/uploads\/2024\/08\/pp-oluklu-3-300x232.jpeg 300w, https:\/\/uluform.com\/wp-content\/uploads\/2024\/08\/pp-oluklu-3-1024x791.jpeg 1024w, https:\/\/uluform.com\/wp-content\/uploads\/2024\/08\/pp-oluklu-3-768x593.jpeg 768w, https:\/\/uluform.com\/wp-content\/uploads\/2024\/08\/pp-oluklu-3-1536x1187.jpeg 1536w\" sizes=\"(max-width: 1600px) 100vw, 1600px\" \/><\/a>\n\t\t\t<\/div><\/figure><figure class='gallery-item'>\n\t\t\t<div class='gallery-icon landscape'>\n\t\t\t\t<a data-elementor-open-lightbox=\"yes\" data-elementor-lightbox-slideshow=\"736f940\" data-e-action-hash=\"#elementor-action%3Aaction%3Dlightbox%26settings%3DeyJpZCI6MTYzMiwidXJsIjoiaHR0cHM6XC9cL3VsdWZvcm0uY29tXC93cC1jb250ZW50XC91cGxvYWRzXC8yMDI0XC8wOFwvcHAtb2x1a2x1LTQuanBlZyIsInNsaWRlc2hvdyI6IjczNmY5NDAifQ%3D%3D\" href='https:\/\/uluform.com\/wp-content\/uploads\/2024\/08\/pp-oluklu-4.jpeg'><img decoding=\"async\" width=\"1600\" height=\"1236\" src=\"https:\/\/uluform.com\/wp-content\/uploads\/2024\/08\/pp-oluklu-4.jpeg\" class=\"attachment-full size-full\" alt=\"\" srcset=\"https:\/\/uluform.com\/wp-content\/uploads\/2024\/08\/pp-oluklu-4.jpeg 1600w, https:\/\/uluform.com\/wp-content\/uploads\/2024\/08\/pp-oluklu-4-300x232.jpeg 300w, https:\/\/uluform.com\/wp-content\/uploads\/2024\/08\/pp-oluklu-4-1024x791.jpeg 1024w, https:\/\/uluform.com\/wp-content\/uploads\/2024\/08\/pp-oluklu-4-768x593.jpeg 768w, https:\/\/uluform.com\/wp-content\/uploads\/2024\/08\/pp-oluklu-4-1536x1187.jpeg 1536w\" sizes=\"(max-width: 1600px) 100vw, 1600px\" \/><\/a>\n\t\t\t<\/div><\/figure><figure class='gallery-item'>\n\t\t\t<div class='gallery-icon landscape'>\n\t\t\t\t<a data-elementor-open-lightbox=\"yes\" data-elementor-lightbox-slideshow=\"736f940\" data-e-action-hash=\"#elementor-action%3Aaction%3Dlightbox%26settings%3DeyJpZCI6MTYzMywidXJsIjoiaHR0cHM6XC9cL3VsdWZvcm0uY29tXC93cC1jb250ZW50XC91cGxvYWRzXC8yMDI0XC8wOFwvcHAtb2x1a2x1LTUuanBlZyIsInNsaWRlc2hvdyI6IjczNmY5NDAifQ%3D%3D\" href='https:\/\/uluform.com\/wp-content\/uploads\/2024\/08\/pp-oluklu-5.jpeg'><img decoding=\"async\" width=\"1600\" height=\"1236\" src=\"https:\/\/uluform.com\/wp-content\/uploads\/2024\/08\/pp-oluklu-5.jpeg\" class=\"attachment-full size-full\" alt=\"\" srcset=\"https:\/\/uluform.com\/wp-content\/uploads\/2024\/08\/pp-oluklu-5.jpeg 1600w, https:\/\/uluform.com\/wp-content\/uploads\/2024\/08\/pp-oluklu-5-300x232.jpeg 300w, https:\/\/uluform.com\/wp-content\/uploads\/2024\/08\/pp-oluklu-5-1024x791.jpeg 1024w, https:\/\/uluform.com\/wp-content\/uploads\/2024\/08\/pp-oluklu-5-768x593.jpeg 768w, https:\/\/uluform.com\/wp-content\/uploads\/2024\/08\/pp-oluklu-5-1536x1187.jpeg 1536w\" sizes=\"(max-width: 1600px) 100vw, 1600px\" \/><\/a>\n\t\t\t<\/div><\/figure><figure class='gallery-item'>\n\t\t\t<div class='gallery-icon landscape'>\n\t\t\t\t<a data-elementor-open-lightbox=\"yes\" data-elementor-lightbox-slideshow=\"736f940\" data-e-action-hash=\"#elementor-action%3Aaction%3Dlightbox%26settings%3DeyJpZCI6MTYzNCwidXJsIjoiaHR0cHM6XC9cL3VsdWZvcm0uY29tXC93cC1jb250ZW50XC91cGxvYWRzXC8yMDI0XC8wOFwvcHAtb2x1a2x1LTYuanBlZyIsInNsaWRlc2hvdyI6IjczNmY5NDAifQ%3D%3D\" href='https:\/\/uluform.com\/wp-content\/uploads\/2024\/08\/pp-oluklu-6.jpeg'><img loading=\"lazy\" decoding=\"async\" width=\"1600\" height=\"1236\" src=\"https:\/\/uluform.com\/wp-content\/uploads\/2024\/08\/pp-oluklu-6.jpeg\" class=\"attachment-full size-full\" alt=\"\" srcset=\"https:\/\/uluform.com\/wp-content\/uploads\/2024\/08\/pp-oluklu-6.jpeg 1600w, https:\/\/uluform.com\/wp-content\/uploads\/2024\/08\/pp-oluklu-6-300x232.jpeg 300w, https:\/\/uluform.com\/wp-content\/uploads\/2024\/08\/pp-oluklu-6-1024x791.jpeg 1024w, https:\/\/uluform.com\/wp-content\/uploads\/2024\/08\/pp-oluklu-6-768x593.jpeg 768w, https:\/\/uluform.com\/wp-content\/uploads\/2024\/08\/pp-oluklu-6-1536x1187.jpeg 1536w\" sizes=\"(max-width: 1600px) 100vw, 1600px\" \/><\/a>\n\t\t\t<\/div><\/figure><figure class='gallery-item'>\n\t\t\t<div class='gallery-icon landscape'>\n\t\t\t\t<a data-elementor-open-lightbox=\"yes\" data-elementor-lightbox-slideshow=\"736f940\" data-e-action-hash=\"#elementor-action%3Aaction%3Dlightbox%26settings%3DeyJpZCI6MTYzNSwidXJsIjoiaHR0cHM6XC9cL3VsdWZvcm0uY29tXC93cC1jb250ZW50XC91cGxvYWRzXC8yMDI0XC8wOFwvcHAtb2x1a2x1LTcuanBlZyIsInNsaWRlc2hvdyI6IjczNmY5NDAifQ%3D%3D\" href='https:\/\/uluform.com\/wp-content\/uploads\/2024\/08\/pp-oluklu-7.jpeg'><img loading=\"lazy\" decoding=\"async\" width=\"2560\" height=\"1978\" src=\"https:\/\/uluform.com\/wp-content\/uploads\/2024\/08\/pp-oluklu-7.jpeg\" class=\"attachment-full size-full\" alt=\"\" srcset=\"https:\/\/uluform.com\/wp-content\/uploads\/2024\/08\/pp-oluklu-7.jpeg 2560w, https:\/\/uluform.com\/wp-content\/uploads\/2024\/08\/pp-oluklu-7-300x232.jpeg 300w, https:\/\/uluform.com\/wp-content\/uploads\/2024\/08\/pp-oluklu-7-1024x791.jpeg 1024w, https:\/\/uluform.com\/wp-content\/uploads\/2024\/08\/pp-oluklu-7-768x593.jpeg 768w, https:\/\/uluform.com\/wp-content\/uploads\/2024\/08\/pp-oluklu-7-1536x1187.jpeg 1536w, https:\/\/uluform.com\/wp-content\/uploads\/2024\/08\/pp-oluklu-7-2048x1582.jpeg 2048w\" sizes=\"(max-width: 2560px) 100vw, 2560px\" \/><\/a>\n\t\t\t<\/div><\/figure><figure class='gallery-item'>\n\t\t\t<div class='gallery-icon landscape'>\n\t\t\t\t<a data-elementor-open-lightbox=\"yes\" data-elementor-lightbox-slideshow=\"736f940\" data-e-action-hash=\"#elementor-action%3Aaction%3Dlightbox%26settings%3DeyJpZCI6MTYzNiwidXJsIjoiaHR0cHM6XC9cL3VsdWZvcm0uY29tXC93cC1jb250ZW50XC91cGxvYWRzXC8yMDI0XC8wOFwvcHAtb2x1a2x1LTguanBlZyIsInNsaWRlc2hvdyI6IjczNmY5NDAifQ%3D%3D\" href='https:\/\/uluform.com\/wp-content\/uploads\/2024\/08\/pp-oluklu-8.jpeg'><img loading=\"lazy\" decoding=\"async\" width=\"1600\" height=\"1236\" src=\"https:\/\/uluform.com\/wp-content\/uploads\/2024\/08\/pp-oluklu-8.jpeg\" class=\"attachment-full size-full\" alt=\"\" srcset=\"https:\/\/uluform.com\/wp-content\/uploads\/2024\/08\/pp-oluklu-8.jpeg 1600w, https:\/\/uluform.com\/wp-content\/uploads\/2024\/08\/pp-oluklu-8-300x232.jpeg 300w, https:\/\/uluform.com\/wp-content\/uploads\/2024\/08\/pp-oluklu-8-1024x791.jpeg 1024w, https:\/\/uluform.com\/wp-content\/uploads\/2024\/08\/pp-oluklu-8-768x593.jpeg 768w, https:\/\/uluform.com\/wp-content\/uploads\/2024\/08\/pp-oluklu-8-1536x1187.jpeg 1536w\" sizes=\"(max-width: 1600px) 100vw, 1600px\" \/><\/a>\n\t\t\t<\/div><\/figure><figure class='gallery-item'>\n\t\t\t<div class='gallery-icon landscape'>\n\t\t\t\t<a data-elementor-open-lightbox=\"yes\" data-elementor-lightbox-slideshow=\"736f940\" data-e-action-hash=\"#elementor-action%3Aaction%3Dlightbox%26settings%3DeyJpZCI6MTYzNywidXJsIjoiaHR0cHM6XC9cL3VsdWZvcm0uY29tXC93cC1jb250ZW50XC91cGxvYWRzXC8yMDI0XC8wOFwvcHAtb2x1a2x1LTkuanBlZyIsInNsaWRlc2hvdyI6IjczNmY5NDAifQ%3D%3D\" href='https:\/\/uluform.com\/wp-content\/uploads\/2024\/08\/pp-oluklu-9.jpeg'><img loading=\"lazy\" decoding=\"async\" width=\"1600\" height=\"1236\" src=\"https:\/\/uluform.com\/wp-content\/uploads\/2024\/08\/pp-oluklu-9.jpeg\" class=\"attachment-full size-full\" alt=\"\" srcset=\"https:\/\/uluform.com\/wp-content\/uploads\/2024\/08\/pp-oluklu-9.jpeg 1600w, https:\/\/uluform.com\/wp-content\/uploads\/2024\/08\/pp-oluklu-9-300x232.jpeg 300w, https:\/\/uluform.com\/wp-content\/uploads\/2024\/08\/pp-oluklu-9-1024x791.jpeg 1024w, https:\/\/uluform.com\/wp-content\/uploads\/2024\/08\/pp-oluklu-9-768x593.jpeg 768w, https:\/\/uluform.com\/wp-content\/uploads\/2024\/08\/pp-oluklu-9-1536x1187.jpeg 1536w\" sizes=\"(max-width: 1600px) 100vw, 1600px\" \/><\/a>\n\t\t\t<\/div><\/figure><figure class='gallery-item'>\n\t\t\t<div class='gallery-icon landscape'>\n\t\t\t\t<a data-elementor-open-lightbox=\"yes\" data-elementor-lightbox-slideshow=\"736f940\" data-e-action-hash=\"#elementor-action%3Aaction%3Dlightbox%26settings%3DeyJpZCI6MTYzOCwidXJsIjoiaHR0cHM6XC9cL3VsdWZvcm0uY29tXC93cC1jb250ZW50XC91cGxvYWRzXC8yMDI0XC8wOFwvcHAtb2x1a2x1LTEwLmpwZWciLCJzbGlkZXNob3ciOiI3MzZmOTQwIn0%3D\" href='https:\/\/uluform.com\/wp-content\/uploads\/2024\/08\/pp-oluklu-10.jpeg'><img loading=\"lazy\" decoding=\"async\" width=\"1600\" height=\"1236\" src=\"https:\/\/uluform.com\/wp-content\/uploads\/2024\/08\/pp-oluklu-10.jpeg\" class=\"attachment-full size-full\" alt=\"\" srcset=\"https:\/\/uluform.com\/wp-content\/uploads\/2024\/08\/pp-oluklu-10.jpeg 1600w, https:\/\/uluform.com\/wp-content\/uploads\/2024\/08\/pp-oluklu-10-300x232.jpeg 300w, https:\/\/uluform.com\/wp-content\/uploads\/2024\/08\/pp-oluklu-10-1024x791.jpeg 1024w, https:\/\/uluform.com\/wp-content\/uploads\/2024\/08\/pp-oluklu-10-768x593.jpeg 768w, https:\/\/uluform.com\/wp-content\/uploads\/2024\/08\/pp-oluklu-10-1536x1187.jpeg 1536w\" sizes=\"(max-width: 1600px) 100vw, 1600px\" \/><\/a>\n\t\t\t<\/div><\/figure><figure class='gallery-item'>\n\t\t\t<div class='gallery-icon landscape'>\n\t\t\t\t<a data-elementor-open-lightbox=\"yes\" data-elementor-lightbox-slideshow=\"736f940\" data-e-action-hash=\"#elementor-action%3Aaction%3Dlightbox%26settings%3DeyJpZCI6MTYzOSwidXJsIjoiaHR0cHM6XC9cL3VsdWZvcm0uY29tXC93cC1jb250ZW50XC91cGxvYWRzXC8yMDI0XC8wOFwvcHAtb2x1a2x1LTExLmpwZWciLCJzbGlkZXNob3ciOiI3MzZmOTQwIn0%3D\" href='https:\/\/uluform.com\/wp-content\/uploads\/2024\/08\/pp-oluklu-11.jpeg'><img loading=\"lazy\" decoding=\"async\" width=\"1600\" height=\"1327\" src=\"https:\/\/uluform.com\/wp-content\/uploads\/2024\/08\/pp-oluklu-11.jpeg\" class=\"attachment-full size-full\" alt=\"\" srcset=\"https:\/\/uluform.com\/wp-content\/uploads\/2024\/08\/pp-oluklu-11.jpeg 1600w, https:\/\/uluform.com\/wp-content\/uploads\/2024\/08\/pp-oluklu-11-300x249.jpeg 300w, https:\/\/uluform.com\/wp-content\/uploads\/2024\/08\/pp-oluklu-11-1024x849.jpeg 1024w, https:\/\/uluform.com\/wp-content\/uploads\/2024\/08\/pp-oluklu-11-768x637.jpeg 768w, https:\/\/uluform.com\/wp-content\/uploads\/2024\/08\/pp-oluklu-11-1536x1274.jpeg 1536w\" sizes=\"(max-width: 1600px) 100vw, 1600px\" \/><\/a>\n\t\t\t<\/div><\/figure><figure class='gallery-item'>\n\t\t\t<div class='gallery-icon landscape'>\n\t\t\t\t<a data-elementor-open-lightbox=\"yes\" data-elementor-lightbox-slideshow=\"736f940\" data-e-action-hash=\"#elementor-action%3Aaction%3Dlightbox%26settings%3DeyJpZCI6MTkyMCwidXJsIjoiaHR0cHM6XC9cL3VsdWZvcm0uY29tXC93cC1jb250ZW50XC91cGxvYWRzXC8yMDI0XC8wOFwvcHAtb2x1a2x1LTI2LmpwZWciLCJzbGlkZXNob3ciOiI3MzZmOTQwIn0%3D\" data-elementor-lightbox-title=\"pp-oluklu-26\" href='https:\/\/uluform.com\/wp-content\/uploads\/2024\/08\/pp-oluklu-26.jpeg'><img loading=\"lazy\" decoding=\"async\" width=\"735\" height=\"735\" src=\"https:\/\/uluform.com\/wp-content\/uploads\/2024\/08\/pp-oluklu-26.jpeg\" class=\"attachment-full size-full\" alt=\"\" srcset=\"https:\/\/uluform.com\/wp-content\/uploads\/2024\/08\/pp-oluklu-26.jpeg 735w, https:\/\/uluform.com\/wp-content\/uploads\/2024\/08\/pp-oluklu-26-300x300.jpeg 300w, https:\/\/uluform.com\/wp-content\/uploads\/2024\/08\/pp-oluklu-26-150x150.jpeg 150w\" sizes=\"(max-width: 735px) 100vw, 735px\" \/><\/a>\n\t\t\t<\/div><\/figure><figure class='gallery-item'>\n\t\t\t<div class='gallery-icon landscape'>\n\t\t\t\t<a data-elementor-open-lightbox=\"yes\" data-elementor-lightbox-slideshow=\"736f940\" data-e-action-hash=\"#elementor-action%3Aaction%3Dlightbox%26settings%3DeyJpZCI6MTYzMCwidXJsIjoiaHR0cHM6XC9cL3VsdWZvcm0uY29tXC93cC1jb250ZW50XC91cGxvYWRzXC8yMDI0XC8wOFwvcHAtb2x1a2x1LTIuanBlZyIsInNsaWRlc2hvdyI6IjczNmY5NDAifQ%3D%3D\" data-elementor-lightbox-title=\"pp-oluklu-26\" href='https:\/\/uluform.com\/wp-content\/uploads\/2024\/08\/pp-oluklu-2.jpeg'><img loading=\"lazy\" decoding=\"async\" width=\"1482\" height=\"833\" src=\"https:\/\/uluform.com\/wp-content\/uploads\/2024\/08\/pp-oluklu-2.jpeg\" class=\"attachment-full size-full\" alt=\"\" srcset=\"https:\/\/uluform.com\/wp-content\/uploads\/2024\/08\/pp-oluklu-2.jpeg 1482w, https:\/\/uluform.com\/wp-content\/uploads\/2024\/08\/pp-oluklu-2-300x169.jpeg 300w, https:\/\/uluform.com\/wp-content\/uploads\/2024\/08\/pp-oluklu-2-1024x576.jpeg 1024w, https:\/\/uluform.com\/wp-content\/uploads\/2024\/08\/pp-oluklu-2-768x432.jpeg 768w\" sizes=\"(max-width: 1482px) 100vw, 1482px\" \/><\/a>\n\t\t\t<\/div><\/figure><figure class='gallery-item'>\n\t\t\t<div class='gallery-icon portrait'>\n\t\t\t\t<a data-elementor-open-lightbox=\"yes\" data-elementor-lightbox-slideshow=\"736f940\" data-e-action-hash=\"#elementor-action%3Aaction%3Dlightbox%26settings%3DeyJpZCI6MTkxOSwidXJsIjoiaHR0cHM6XC9cL3VsdWZvcm0uY29tXC93cC1jb250ZW50XC91cGxvYWRzXC8yMDI0XC8wOFwvcHAtb2x1a2x1MjUuanBlZyIsInNsaWRlc2hvdyI6IjczNmY5NDAifQ%3D%3D\" data-elementor-lightbox-title=\"pp-oluklu25\" href='https:\/\/uluform.com\/wp-content\/uploads\/2024\/08\/pp-oluklu25.jpeg'><img loading=\"lazy\" decoding=\"async\" width=\"679\" height=\"905\" src=\"https:\/\/uluform.com\/wp-content\/uploads\/2024\/08\/pp-oluklu25.jpeg\" class=\"attachment-full size-full\" alt=\"\" srcset=\"https:\/\/uluform.com\/wp-content\/uploads\/2024\/08\/pp-oluklu25.jpeg 679w, https:\/\/uluform.com\/wp-content\/uploads\/2024\/08\/pp-oluklu25-225x300.jpeg 225w\" sizes=\"(max-width: 679px) 100vw, 679px\" \/><\/a>\n\t\t\t<\/div><\/figure><figure class='gallery-item'>\n\t\t\t<div class='gallery-icon landscape'>\n\t\t\t\t<a data-elementor-open-lightbox=\"yes\" data-elementor-lightbox-slideshow=\"736f940\" data-e-action-hash=\"#elementor-action%3Aaction%3Dlightbox%26settings%3DeyJpZCI6MTkzMSwidXJsIjoiaHR0cHM6XC9cL3VsdWZvcm0uY29tXC93cC1jb250ZW50XC91cGxvYWRzXC8yMDI0XC8wOVwvUFAtMi1CdXl1ay5wbmciLCJzbGlkZXNob3ciOiI3MzZmOTQwIn0%3D\" data-elementor-lightbox-title=\"PP-2 (B\u00fcy\u00fck)\" href='https:\/\/uluform.com\/wp-content\/uploads\/2024\/09\/PP-2-Buyuk.png'><img loading=\"lazy\" decoding=\"async\" width=\"1080\" height=\"1080\" src=\"https:\/\/uluform.com\/wp-content\/uploads\/2024\/09\/PP-2-Buyuk.png\" class=\"attachment-full size-full\" alt=\"\" srcset=\"https:\/\/uluform.com\/wp-content\/uploads\/2024\/09\/PP-2-Buyuk.png 1080w, https:\/\/uluform.com\/wp-content\/uploads\/2024\/09\/PP-2-Buyuk-300x300.png 300w, https:\/\/uluform.com\/wp-content\/uploads\/2024\/09\/PP-2-Buyuk-1024x1024.png 1024w, https:\/\/uluform.com\/wp-content\/uploads\/2024\/09\/PP-2-Buyuk-150x150.png 150w, https:\/\/uluform.com\/wp-content\/uploads\/2024\/09\/PP-2-Buyuk-768x768.png 768w\" sizes=\"(max-width: 1080px) 100vw, 1080px\" \/><\/a>\n\t\t\t<\/div><\/figure><figure class='gallery-item'>\n\t\t\t<div class='gallery-icon portrait'>\n\t\t\t\t<a data-elementor-open-lightbox=\"yes\" data-elementor-lightbox-slideshow=\"736f940\" data-e-action-hash=\"#elementor-action%3Aaction%3Dlightbox%26settings%3DeyJpZCI6MTkzMiwidXJsIjoiaHR0cHM6XC9cL3VsdWZvcm0uY29tXC93cC1jb250ZW50XC91cGxvYWRzXC8yMDI0XC8wOVwvUFAtMTExLUJ1eXVrLnBuZyIsInNsaWRlc2hvdyI6IjczNmY5NDAifQ%3D%3D\" data-elementor-lightbox-title=\"PP-111 (B\u00fcy\u00fck)\" href='https:\/\/uluform.com\/wp-content\/uploads\/2024\/09\/PP-111-Buyuk.png'><img loading=\"lazy\" decoding=\"async\" width=\"1080\" height=\"1440\" src=\"https:\/\/uluform.com\/wp-content\/uploads\/2024\/09\/PP-111-Buyuk.png\" class=\"attachment-full size-full\" alt=\"\" srcset=\"https:\/\/uluform.com\/wp-content\/uploads\/2024\/09\/PP-111-Buyuk.png 1080w, https:\/\/uluform.com\/wp-content\/uploads\/2024\/09\/PP-111-Buyuk-225x300.png 225w, https:\/\/uluform.com\/wp-content\/uploads\/2024\/09\/PP-111-Buyuk-768x1024.png 768w\" sizes=\"(max-width: 1080px) 100vw, 1080px\" \/><\/a>\n\t\t\t<\/div><\/figure>\n\t\t<\/div>\n\t\t<\/div>\n\t\t\t\t\t\t<\/div>\n\t\t\t\t<\/div>\n\t\t\t\t\t<\/div>\n\t\t\t\t<\/div>\n\t\t<div class=\"elementor-element elementor-element-722c4a9 e-flex e-con-boxed e-con e-parent\" data-id=\"722c4a9\" data-element_type=\"container\" data-e-type=\"container\">\n\t\t\t\t\t<div class=\"e-con-inner\">\n\t\t<div class=\"elementor-element elementor-element-0f55f78 e-con-full e-flex e-con e-child\" data-id=\"0f55f78\" data-element_type=\"container\" data-e-type=\"container\">\n\t\t\t\t<div class=\"elementor-element elementor-element-5aec1cb elementor-widget elementor-widget-video\" data-id=\"5aec1cb\" data-element_type=\"widget\" data-e-type=\"widget\" data-settings=\"{&quot;youtube_url&quot;:&quot;https:\\\/\\\/www.youtube.com\\\/watch?v=ery7tXF_ulY&quot;,&quot;video_type&quot;:&quot;youtube&quot;,&quot;controls&quot;:&quot;yes&quot;}\" data-widget_type=\"video.default\">\n\t\t\t\t<div class=\"elementor-widget-container\">\n\t\t\t\t\t\t\t<div class=\"elementor-wrapper elementor-open-inline\">\n\t\t\t<div class=\"elementor-video\"><\/div>\t\t<\/div>\n\t\t\t\t\t\t<\/div>\n\t\t\t\t<\/div>\n\t\t\t\t<\/div>\n\t\t<div class=\"elementor-element elementor-element-806897f e-con-full e-flex e-con e-child\" data-id=\"806897f\" data-element_type=\"container\" data-e-type=\"container\">\n\t\t\t\t<\/div>\n\t\t\t\t\t<\/div>\n\t\t\t\t<\/div>\n\t\t<div class=\"elementor-element elementor-element-0862ad8 e-flex e-con-boxed e-con e-parent\" data-id=\"0862ad8\" data-element_type=\"container\" data-e-type=\"container\">\n\t\t\t\t\t<div class=\"e-con-inner\">\n\t\t\t\t<div class=\"elementor-element elementor-element-e31909b elementor-widget elementor-widget-text-editor\" data-id=\"e31909b\" data-element_type=\"widget\" data-e-type=\"widget\" data-widget_type=\"text-editor.default\">\n\t\t\t\t<div class=\"elementor-widget-container\">\n\t\t\t\t\t\t\t\t\t<p>PP (Polypropylene) corrugated separators have a wide range of usage in industrial applications with their light and durable structures. Thanks to its corrugated structure, it has high resistance to impacts and is long-lasting.<br \/><br \/><strong>Features<\/strong><br \/>\u2022Lightness: Provides ease of transportation and storage.<br \/>\u2022Durability: Thanks to its corrugated structure, it shows high resistance to impacts and external factors.<br \/>\u2022Resistance to Moisture and Chemicals: PP material is resistant to moisture and various chemicals, which ensures safe transportation of products.<br \/>\u2022Resistance to Moisture and Chemicals: PP material is resistant to moisture and various chemicals, which ensures safe transportation of products.<br \/><br \/><strong>Areas of Use<\/strong><br \/>Automotive Industry: Safe and orderly transportation of vehicle parts.<br \/>Electronics Industry: Protection and transportation of electronic components.<br \/>Electronics Industry: Protection and transportation of electronic components.<br \/><br \/><strong>Advantages<\/strong><br \/>\u2022Light and easily portable<br \/>\u2022Durable and long-lasting<br \/>\u2022 Resistance to impact, moisture and chemicals<\/p>\t\t\t\t\t\t\t\t<\/div>\n\t\t\t\t<\/div>\n\t\t\t\t\t<\/div>\n\t\t\t\t<\/div>\n\t\t<div class=\"elementor-element elementor-element-1cb53e9 e-flex e-con-boxed e-con e-parent\" data-id=\"1cb53e9\" data-element_type=\"container\" data-e-type=\"container\">\n\t\t\t\t\t<div class=\"e-con-inner\">\n\t\t<div class=\"elementor-element elementor-element-9c15646 e-con-full e-flex e-con e-child\" data-id=\"9c15646\" data-element_type=\"container\" data-e-type=\"container\">\n\t\t\t\t<div class=\"elementor-element elementor-element-4182e2b elementor-widget__width-initial elementor-widget elementor-widget-image\" data-id=\"4182e2b\" data-element_type=\"widget\" data-e-type=\"widget\" data-widget_type=\"image.default\">\n\t\t\t\t<div class=\"elementor-widget-container\">\n\t\t\t\t\t\t\t\t\t\t\t\t\t\t\t<img loading=\"lazy\" decoding=\"async\" width=\"843\" height=\"816\" src=\"https:\/\/uluform.com\/wp-content\/uploads\/2024\/08\/pp-tablo.png\" class=\"attachment-full size-full wp-image-1640\" alt=\"\" srcset=\"https:\/\/uluform.com\/wp-content\/uploads\/2024\/08\/pp-tablo.png 843w, https:\/\/uluform.com\/wp-content\/uploads\/2024\/08\/pp-tablo-300x290.png 300w, https:\/\/uluform.com\/wp-content\/uploads\/2024\/08\/pp-tablo-768x743.png 768w\" sizes=\"(max-width: 843px) 100vw, 843px\" \/>\t\t\t\t\t\t\t\t\t\t\t\t\t\t\t<\/div>\n\t\t\t\t<\/div>\n\t\t\t\t<\/div>\n\t\t<div class=\"elementor-element elementor-element-b0f3066 e-con-full e-flex e-con e-child\" data-id=\"b0f3066\" data-element_type=\"container\" data-e-type=\"container\">\n\t\t\t\t<div class=\"elementor-element elementor-element-6c75e1b elementor-widget elementor-widget-image\" data-id=\"6c75e1b\" data-element_type=\"widget\" data-e-type=\"widget\" data-widget_type=\"image.default\">\n\t\t\t\t<div class=\"elementor-widget-container\">\n\t\t\t\t\t\t\t\t\t\t\t\t\t\t\t<img loading=\"lazy\" decoding=\"async\" width=\"1600\" height=\"1327\" src=\"https:\/\/uluform.com\/wp-content\/uploads\/2024\/08\/pp-oluklu-11-1.jpeg\" class=\"attachment-full size-full wp-image-1641\" alt=\"\" srcset=\"https:\/\/uluform.com\/wp-content\/uploads\/2024\/08\/pp-oluklu-11-1.jpeg 1600w, https:\/\/uluform.com\/wp-content\/uploads\/2024\/08\/pp-oluklu-11-1-300x249.jpeg 300w, https:\/\/uluform.com\/wp-content\/uploads\/2024\/08\/pp-oluklu-11-1-1024x849.jpeg 1024w, https:\/\/uluform.com\/wp-content\/uploads\/2024\/08\/pp-oluklu-11-1-768x637.jpeg 768w, https:\/\/uluform.com\/wp-content\/uploads\/2024\/08\/pp-oluklu-11-1-1536x1274.jpeg 1536w\" sizes=\"(max-width: 1600px) 100vw, 1600px\" \/>\t\t\t\t\t\t\t\t\t\t\t\t\t\t\t<\/div>\n\t\t\t\t<\/div>\n\t\t\t\t<\/div>\n\t\t\t\t\t<\/div>\n\t\t\t\t<\/div>\n\t\t\t\t<\/div>","protected":false},"excerpt":{"rendered":"<p>https:\/\/www.youtube.com\/watch?v=ery7tXF_ulY PP (Polipropilen) oluklu seperat\u00f6rler, hafif ve dayan\u0131kl\u0131 yap\u0131lar\u0131yla end\u00fcstriyel uygulamalarda geni\u015f bir kullan\u0131m alan\u0131na sahiptir. Oluklu yap\u0131s\u0131 sayesinde darbelere kar\u015f\u0131 y\u00fcksek diren\u00e7 g\u00f6sterir ve uzun \u00f6m\u00fcrl\u00fcd\u00fcr. \u00d6zellikler\u2022Hafiflik: Ta\u015f\u0131ma ve depolama i\u015flemlerinde kolayl\u0131k sa\u011flar.\u2022Dayan\u0131kl\u0131l\u0131k: Oluklu yap\u0131s\u0131 sayesinde darbelere ve d\u0131\u015f etkenlere kar\u015f\u0131 y\u00fcksek diren\u00e7 g\u00f6sterir.\u2022Nem ve Kimyasallara Dayan\u0131kl\u0131l\u0131k: PP malzeme, nem ve \u00e7e\u015fitli kimyasallara kar\u015f\u0131 [&hellip;]<\/p>","protected":false},"author":1,"featured_media":0,"parent":0,"menu_order":0,"comment_status":"closed","ping_status":"closed","template":"","meta":{"footnotes":""},"class_list":["post-1628","page","type-page","status-publish","hentry"],"blocksy_meta":[],"_links":{"self":[{"href":"https:\/\/uluform.com\/en\/wp-json\/wp\/v2\/pages\/1628"}],"collection":[{"href":"https:\/\/uluform.com\/en\/wp-json\/wp\/v2\/pages"}],"about":[{"href":"https:\/\/uluform.com\/en\/wp-json\/wp\/v2\/types\/page"}],"author":[{"embeddable":true,"href":"https:\/\/uluform.com\/en\/wp-json\/wp\/v2\/users\/1"}],"replies":[{"embeddable":true,"href":"https:\/\/uluform.com\/en\/wp-json\/wp\/v2\/comments?post=1628"}],"version-history":[{"count":22,"href":"https:\/\/uluform.com\/en\/wp-json\/wp\/v2\/pages\/1628\/revisions"}],"predecessor-version":[{"id":1938,"href":"https:\/\/uluform.com\/en\/wp-json\/wp\/v2\/pages\/1628\/revisions\/1938"}],"wp:attachment":[{"href":"https:\/\/uluform.com\/en\/wp-json\/wp\/v2\/media?parent=1628"}],"curies":[{"name":"wp","href":"https:\/\/api.w.org\/{rel}","templated":true}]}}