{"id":1614,"date":"2024-08-21T12:17:19","date_gmt":"2024-08-21T09:17:19","guid":{"rendered":"https:\/\/uluform.com\/?page_id=1614"},"modified":"2024-09-03T15:25:10","modified_gmt":"2024-09-03T12:25:10","slug":"esd-korumali-seperatorler","status":"publish","type":"page","link":"https:\/\/uluform.com\/en\/esd-korumali-seperatorler\/","title":{"rendered":"ESD Protected Separators"},"content":{"rendered":"<div data-elementor-type=\"wp-page\" data-elementor-id=\"1614\" class=\"elementor elementor-1614\">\n\t\t\t\t<div class=\"elementor-element elementor-element-bfe5117 e-flex e-con-boxed e-con e-parent\" data-id=\"bfe5117\" data-element_type=\"container\" data-e-type=\"container\">\n\t\t\t\t\t<div class=\"e-con-inner\">\n\t\t\t\t<div class=\"elementor-element elementor-element-848a674 elementor-widget elementor-widget-image-gallery\" data-id=\"848a674\" data-element_type=\"widget\" data-e-type=\"widget\" data-widget_type=\"image-gallery.default\">\n\t\t\t\t<div class=\"elementor-widget-container\">\n\t\t\t\t\t\t\t<div class=\"elementor-image-gallery\">\n\t\t\t<div id='gallery-1' class='gallery galleryid-1614 gallery-columns-3 gallery-size-full'><figure class='gallery-item'>\n\t\t\t<div class='gallery-icon landscape'>\n\t\t\t\t<a data-elementor-open-lightbox=\"yes\" data-elementor-lightbox-slideshow=\"848a674\" data-e-action-hash=\"#elementor-action%3Aaction%3Dlightbox%26settings%3DeyJpZCI6MTYxNSwidXJsIjoiaHR0cHM6XC9cL3VsdWZvcm0uY29tXC93cC1jb250ZW50XC91cGxvYWRzXC8yMDI0XC8wOFwvZXNkLnBuZyIsInNsaWRlc2hvdyI6Ijg0OGE2NzQifQ%3D%3D\" href='https:\/\/uluform.com\/wp-content\/uploads\/2024\/08\/esd.png'><img fetchpriority=\"high\" decoding=\"async\" width=\"1000\" height=\"563\" src=\"https:\/\/uluform.com\/wp-content\/uploads\/2024\/08\/esd.png\" class=\"attachment-full size-full\" alt=\"\" srcset=\"https:\/\/uluform.com\/wp-content\/uploads\/2024\/08\/esd.png 1000w, https:\/\/uluform.com\/wp-content\/uploads\/2024\/08\/esd-300x169.png 300w, https:\/\/uluform.com\/wp-content\/uploads\/2024\/08\/esd-768x432.png 768w\" sizes=\"(max-width: 1000px) 100vw, 1000px\" \/><\/a>\n\t\t\t<\/div><\/figure><figure class='gallery-item'>\n\t\t\t<div class='gallery-icon landscape'>\n\t\t\t\t<a data-elementor-open-lightbox=\"yes\" data-elementor-lightbox-slideshow=\"848a674\" data-e-action-hash=\"#elementor-action%3Aaction%3Dlightbox%26settings%3DeyJpZCI6MTYxNiwidXJsIjoiaHR0cHM6XC9cL3VsdWZvcm0uY29tXC93cC1jb250ZW50XC91cGxvYWRzXC8yMDI0XC8wOFwvZXNkMi5wbmciLCJzbGlkZXNob3ciOiI4NDhhNjc0In0%3D\" href='https:\/\/uluform.com\/wp-content\/uploads\/2024\/08\/esd2.png'><img decoding=\"async\" width=\"817\" height=\"653\" src=\"https:\/\/uluform.com\/wp-content\/uploads\/2024\/08\/esd2.png\" class=\"attachment-full size-full\" alt=\"\" srcset=\"https:\/\/uluform.com\/wp-content\/uploads\/2024\/08\/esd2.png 817w, https:\/\/uluform.com\/wp-content\/uploads\/2024\/08\/esd2-300x240.png 300w, https:\/\/uluform.com\/wp-content\/uploads\/2024\/08\/esd2-768x614.png 768w\" sizes=\"(max-width: 817px) 100vw, 817px\" \/><\/a>\n\t\t\t<\/div><\/figure><figure class='gallery-item'>\n\t\t\t<div class='gallery-icon landscape'>\n\t\t\t\t<a data-elementor-open-lightbox=\"yes\" data-elementor-lightbox-slideshow=\"848a674\" data-e-action-hash=\"#elementor-action%3Aaction%3Dlightbox%26settings%3DeyJpZCI6MTkxMywidXJsIjoiaHR0cHM6XC9cL3VsdWZvcm0uY29tXC93cC1jb250ZW50XC91cGxvYWRzXC8yMDI0XC8wOFwvZXNkMjQtMS5qcGVnIiwic2xpZGVzaG93IjoiODQ4YTY3NCJ9\" data-elementor-lightbox-title=\"esd24 (1)\" href='https:\/\/uluform.com\/wp-content\/uploads\/2024\/08\/esd24-1.jpeg'><img decoding=\"async\" width=\"1600\" height=\"1600\" src=\"https:\/\/uluform.com\/wp-content\/uploads\/2024\/08\/esd24-1.jpeg\" class=\"attachment-full size-full\" alt=\"\" srcset=\"https:\/\/uluform.com\/wp-content\/uploads\/2024\/08\/esd24-1.jpeg 1600w, https:\/\/uluform.com\/wp-content\/uploads\/2024\/08\/esd24-1-300x300.jpeg 300w, https:\/\/uluform.com\/wp-content\/uploads\/2024\/08\/esd24-1-1024x1024.jpeg 1024w, https:\/\/uluform.com\/wp-content\/uploads\/2024\/08\/esd24-1-150x150.jpeg 150w, https:\/\/uluform.com\/wp-content\/uploads\/2024\/08\/esd24-1-768x768.jpeg 768w, https:\/\/uluform.com\/wp-content\/uploads\/2024\/08\/esd24-1-1536x1536.jpeg 1536w\" sizes=\"(max-width: 1600px) 100vw, 1600px\" \/><\/a>\n\t\t\t<\/div><\/figure><figure class='gallery-item'>\n\t\t\t<div class='gallery-icon landscape'>\n\t\t\t\t<a data-elementor-open-lightbox=\"yes\" data-elementor-lightbox-slideshow=\"848a674\" data-e-action-hash=\"#elementor-action%3Aaction%3Dlightbox%26settings%3DeyJpZCI6MTkxNCwidXJsIjoiaHR0cHM6XC9cL3VsdWZvcm0uY29tXC93cC1jb250ZW50XC91cGxvYWRzXC8yMDI0XC8wOFwvZXNkMjQtMi5qcGVnIiwic2xpZGVzaG93IjoiODQ4YTY3NCJ9\" data-elementor-lightbox-title=\"esd24 (2)\" href='https:\/\/uluform.com\/wp-content\/uploads\/2024\/08\/esd24-2.jpeg'><img loading=\"lazy\" decoding=\"async\" width=\"666\" height=\"666\" src=\"https:\/\/uluform.com\/wp-content\/uploads\/2024\/08\/esd24-2.jpeg\" class=\"attachment-full size-full\" alt=\"\" srcset=\"https:\/\/uluform.com\/wp-content\/uploads\/2024\/08\/esd24-2.jpeg 666w, https:\/\/uluform.com\/wp-content\/uploads\/2024\/08\/esd24-2-300x300.jpeg 300w, https:\/\/uluform.com\/wp-content\/uploads\/2024\/08\/esd24-2-150x150.jpeg 150w\" sizes=\"(max-width: 666px) 100vw, 666px\" \/><\/a>\n\t\t\t<\/div><\/figure><figure class='gallery-item'>\n\t\t\t<div class='gallery-icon landscape'>\n\t\t\t\t<a data-elementor-open-lightbox=\"yes\" data-elementor-lightbox-slideshow=\"848a674\" data-e-action-hash=\"#elementor-action%3Aaction%3Dlightbox%26settings%3DeyJpZCI6MTkxNSwidXJsIjoiaHR0cHM6XC9cL3VsdWZvcm0uY29tXC93cC1jb250ZW50XC91cGxvYWRzXC8yMDI0XC8wOFwvZXNkMjQtMS1CdXl1ay5wbmciLCJzbGlkZXNob3ciOiI4NDhhNjc0In0%3D\" data-elementor-lightbox-title=\"esd24 (1) (B\u00fcy\u00fck)\" href='https:\/\/uluform.com\/wp-content\/uploads\/2024\/08\/esd24-1-Buyuk.png'><img loading=\"lazy\" decoding=\"async\" width=\"1080\" height=\"1080\" src=\"https:\/\/uluform.com\/wp-content\/uploads\/2024\/08\/esd24-1-Buyuk.png\" class=\"attachment-full size-full\" alt=\"\" srcset=\"https:\/\/uluform.com\/wp-content\/uploads\/2024\/08\/esd24-1-Buyuk.png 1080w, https:\/\/uluform.com\/wp-content\/uploads\/2024\/08\/esd24-1-Buyuk-300x300.png 300w, https:\/\/uluform.com\/wp-content\/uploads\/2024\/08\/esd24-1-Buyuk-1024x1024.png 1024w, https:\/\/uluform.com\/wp-content\/uploads\/2024\/08\/esd24-1-Buyuk-150x150.png 150w, https:\/\/uluform.com\/wp-content\/uploads\/2024\/08\/esd24-1-Buyuk-768x768.png 768w\" sizes=\"(max-width: 1080px) 100vw, 1080px\" \/><\/a>\n\t\t\t<\/div><\/figure><figure class='gallery-item'>\n\t\t\t<div class='gallery-icon portrait'>\n\t\t\t\t<a data-elementor-open-lightbox=\"yes\" data-elementor-lightbox-slideshow=\"848a674\" data-e-action-hash=\"#elementor-action%3Aaction%3Dlightbox%26settings%3DeyJpZCI6MTkyNywidXJsIjoiaHR0cHM6XC9cL3VsdWZvcm0uY29tXC93cC1jb250ZW50XC91cGxvYWRzXC8yMDI0XC8wOVwvRVNELVBDQi0xLnBuZyIsInNsaWRlc2hvdyI6Ijg0OGE2NzQifQ%3D%3D\" data-elementor-lightbox-title=\"8465165146\" href='https:\/\/uluform.com\/wp-content\/uploads\/2024\/09\/ESD-PCB-1.png'><img loading=\"lazy\" decoding=\"async\" width=\"1080\" height=\"1117\" src=\"https:\/\/uluform.com\/wp-content\/uploads\/2024\/09\/ESD-PCB-1.png\" class=\"attachment-full size-full\" alt=\"\" srcset=\"https:\/\/uluform.com\/wp-content\/uploads\/2024\/09\/ESD-PCB-1.png 1080w, https:\/\/uluform.com\/wp-content\/uploads\/2024\/09\/ESD-PCB-1-290x300.png 290w, https:\/\/uluform.com\/wp-content\/uploads\/2024\/09\/ESD-PCB-1-990x1024.png 990w, https:\/\/uluform.com\/wp-content\/uploads\/2024\/09\/ESD-PCB-1-768x794.png 768w\" sizes=\"(max-width: 1080px) 100vw, 1080px\" \/><\/a>\n\t\t\t<\/div><\/figure>\n\t\t<\/div>\n\t\t<\/div>\n\t\t\t\t\t\t<\/div>\n\t\t\t\t<\/div>\n\t\t\t\t\t<\/div>\n\t\t\t\t<\/div>\n\t\t<div class=\"elementor-element elementor-element-3b07e6c e-flex e-con-boxed e-con e-parent\" data-id=\"3b07e6c\" data-element_type=\"container\" data-e-type=\"container\">\n\t\t\t\t\t<div class=\"e-con-inner\">\n\t\t<div class=\"elementor-element elementor-element-e059275 e-con-full e-flex e-con e-child\" data-id=\"e059275\" data-element_type=\"container\" data-e-type=\"container\">\n\t\t\t\t<div class=\"elementor-element elementor-element-f1025c3 elementor-widget elementor-widget-video\" data-id=\"f1025c3\" data-element_type=\"widget\" data-e-type=\"widget\" data-settings=\"{&quot;youtube_url&quot;:&quot;https:\\\/\\\/www.youtube.com\\\/watch?v=U0EgAxPwoew&quot;,&quot;video_type&quot;:&quot;youtube&quot;,&quot;controls&quot;:&quot;yes&quot;}\" data-widget_type=\"video.default\">\n\t\t\t\t<div class=\"elementor-widget-container\">\n\t\t\t\t\t\t\t<div class=\"elementor-wrapper elementor-open-inline\">\n\t\t\t<div class=\"elementor-video\"><\/div>\t\t<\/div>\n\t\t\t\t\t\t<\/div>\n\t\t\t\t<\/div>\n\t\t\t\t<\/div>\n\t\t<div class=\"elementor-element elementor-element-888df8a e-con-full e-flex e-con e-child\" data-id=\"888df8a\" data-element_type=\"container\" data-e-type=\"container\">\n\t\t\t\t<\/div>\n\t\t\t\t\t<\/div>\n\t\t\t\t<\/div>\n\t\t<div class=\"elementor-element elementor-element-58f7dcc e-flex e-con-boxed e-con e-parent\" data-id=\"58f7dcc\" data-element_type=\"container\" data-e-type=\"container\">\n\t\t\t\t\t<div class=\"e-con-inner\">\n\t\t\t\t<div class=\"elementor-element elementor-element-47d1622 elementor-widget elementor-widget-text-editor\" data-id=\"47d1622\" data-element_type=\"widget\" data-e-type=\"widget\" data-widget_type=\"text-editor.default\">\n\t\t\t\t<div class=\"elementor-widget-container\">\n\t\t\t\t\t\t\t\t\t<p><strong>Intelligent Protection for Electronic Components<\/strong><br \/>Electrostatic shock can damage, erase or alter sensitive electronic components. It can cause magnetic atmospheres and even explosions.<\/p><p>To minimize the risk, conductive, anti-static or static dissipative plastic materials should be used. ESD protected materials must be used to protect electronic products against electrostatic shock. With ESD protected products, static electricity charge is discharged in a controlled manner. The surface resistance of ESD protected materials varies between 10^6 ohms and 10^9 ohms. In ESD protected separators, the risk of electrostatic charge is extremely low and they are safe against electrostatic discharge. Materials with ideal ESD protection should have values between 10^6 ohms and 10^9 ohms. Values outside this range leave electronic components unprotected. As Uluform, we offer the most suitable ESD protected solutions for all your electronic components.<\/p><p><strong>Difference Between Distributor and Conductor<\/strong><br \/>Electricity at rest is static electricity. Electrostatic voltage occurs as a result of the transfer of electrons, sliding, friction or separation of the material. Exposure to electrostatic voltage results in a mild or painful shock. If this happens to electronic components, the electronic product is exposed to electrostatic discharge. In this case, products are often damaged even at low voltage. The main cause of electrostatic electricity is usually employees.<br \/>During assembly or transportation of electronic devices ESD protected products must be used. If unsuitable carrier containers are used, electronic components will still be at risk depending on the materials used.<\/p>\t\t\t\t\t\t\t\t<\/div>\n\t\t\t\t<\/div>\n\t\t\t\t\t<\/div>\n\t\t\t\t<\/div>\n\t\t<div class=\"elementor-element elementor-element-24b2f5c e-flex e-con-boxed e-con e-parent\" data-id=\"24b2f5c\" data-element_type=\"container\" data-e-type=\"container\">\n\t\t\t\t\t<div class=\"e-con-inner\">\n\t\t\t\t<div class=\"elementor-element elementor-element-6e2a6e1 elementor-widget elementor-widget-image\" data-id=\"6e2a6e1\" data-element_type=\"widget\" data-e-type=\"widget\" data-widget_type=\"image.default\">\n\t\t\t\t<div class=\"elementor-widget-container\">\n\t\t\t\t\t\t\t\t\t\t\t\t\t\t\t<img loading=\"lazy\" decoding=\"async\" width=\"768\" height=\"441\" src=\"https:\/\/uluform.com\/wp-content\/uploads\/2024\/10\/tablo-eng.png\" class=\"attachment-medium_large size-medium_large wp-image-1623\" alt=\"\" srcset=\"https:\/\/uluform.com\/wp-content\/uploads\/2024\/10\/tablo-eng.png 1319w, https:\/\/uluform.com\/wp-content\/uploads\/2024\/10\/tablo-eng-300x168.png 300w, https:\/\/uluform.com\/wp-content\/uploads\/2024\/10\/tablo-eng-1024x572.png 1024w, https:\/\/uluform.com\/wp-content\/uploads\/2024\/10\/tablo-eng-768x429.png 768w, https:\/\/uluform.com\/wp-content\/uploads\/2024\/10\/tablo-eng-18x10.png 18w\" sizes=\"(max-width: 768px) 100vw, 768px\" \/>\t\t\t\t\t\t\t\t\t\t\t\t\t\t\t<\/div>\n\t\t\t\t<\/div>\n\t\t\t\t\t<\/div>\n\t\t\t\t<\/div>\n\t\t\t\t<\/div>","protected":false},"excerpt":{"rendered":"<p>https:\/\/www.youtube.com\/watch?v=U0EgAxPwoew Elektronik Komponentler i\u00e7in Ak\u0131ll\u0131 KorumaElektrostatik \u015fok hassas elektronik bile\u015fenlere zarar verebilir, silebilir veya de\u011fi\u015ftirebilir. Manyetik ortamlara ve hatta patlamalara neden olabilir. Riski en aza indirmek i\u00e7in iletken, anti-statik veya statik da\u011f\u0131t\u0131c\u0131 plastik malzemeler kullan\u0131lmal\u0131d\u0131r. Elektronik \u00fcr\u00fcnlerin Elektrostatik \u015foka kar\u015f\u0131 korunmas\u0131 i\u00e7in ESD korumal\u0131 malzemelerin kullan\u0131lmas\u0131 gerekmektedir. ESD korumal\u0131 \u00fcr\u00fcnler ile statik elektrik y\u00fck\u00fc kontroll\u00fc [&hellip;]<\/p>","protected":false},"author":1,"featured_media":0,"parent":0,"menu_order":0,"comment_status":"closed","ping_status":"closed","template":"","meta":{"footnotes":""},"class_list":["post-1614","page","type-page","status-publish","hentry"],"blocksy_meta":[],"_links":{"self":[{"href":"https:\/\/uluform.com\/en\/wp-json\/wp\/v2\/pages\/1614"}],"collection":[{"href":"https:\/\/uluform.com\/en\/wp-json\/wp\/v2\/pages"}],"about":[{"href":"https:\/\/uluform.com\/en\/wp-json\/wp\/v2\/types\/page"}],"author":[{"embeddable":true,"href":"https:\/\/uluform.com\/en\/wp-json\/wp\/v2\/users\/1"}],"replies":[{"embeddable":true,"href":"https:\/\/uluform.com\/en\/wp-json\/wp\/v2\/comments?post=1614"}],"version-history":[{"count":40,"href":"https:\/\/uluform.com\/en\/wp-json\/wp\/v2\/pages\/1614\/revisions"}],"predecessor-version":[{"id":1930,"href":"https:\/\/uluform.com\/en\/wp-json\/wp\/v2\/pages\/1614\/revisions\/1930"}],"wp:attachment":[{"href":"https:\/\/uluform.com\/en\/wp-json\/wp\/v2\/media?parent=1614"}],"curies":[{"name":"wp","href":"https:\/\/api.w.org\/{rel}","templated":true}]}}