{"id":1610,"date":"2024-08-21T12:13:06","date_gmt":"2024-08-21T09:13:06","guid":{"rendered":"https:\/\/uluform.com\/?page_id=1610"},"modified":"2024-10-02T20:28:44","modified_gmt":"2024-10-02T17:28:44","slug":"plastik-enjeksiyon-seperatorler","status":"publish","type":"page","link":"https:\/\/uluform.com\/en\/plastik-enjeksiyon-seperatorler\/","title":{"rendered":"Plastic Injection Separators"},"content":{"rendered":"<div data-elementor-type=\"wp-page\" data-elementor-id=\"1610\" class=\"elementor elementor-1610\">\n\t\t\t\t<div class=\"elementor-element elementor-element-946a426 e-flex e-con-boxed e-con e-parent\" data-id=\"946a426\" data-element_type=\"container\" data-e-type=\"container\">\n\t\t\t\t\t<div class=\"e-con-inner\">\n\t\t\t\t<div class=\"elementor-element elementor-element-92ea60f gallery-spacing-custom elementor-widget elementor-widget-image-gallery\" data-id=\"92ea60f\" data-element_type=\"widget\" data-e-type=\"widget\" data-widget_type=\"image-gallery.default\">\n\t\t\t\t<div class=\"elementor-widget-container\">\n\t\t\t\t\t\t\t<div class=\"elementor-image-gallery\">\n\t\t\t<div id='gallery-1' class='gallery galleryid-1610 gallery-columns-3 gallery-size-full'><figure class='gallery-item'>\n\t\t\t<div class='gallery-icon landscape'>\n\t\t\t\t<a data-elementor-open-lightbox=\"yes\" data-elementor-lightbox-slideshow=\"92ea60f\" data-e-action-hash=\"#elementor-action%3Aaction%3Dlightbox%26settings%3DeyJpZCI6MTc4MiwidXJsIjoiaHR0cHM6XC9cL3VsdWZvcm0uY29tXC93cC1jb250ZW50XC91cGxvYWRzXC8yMDI0XC8wOFwvcGxhc3Rpay1lbmpla3NpeW9uLTIucG5nIiwic2xpZGVzaG93IjoiOTJlYTYwZiJ9\" href='https:\/\/uluform.com\/wp-content\/uploads\/2024\/08\/plastik-enjeksiyon-2.png'><img fetchpriority=\"high\" decoding=\"async\" width=\"1080\" height=\"1080\" src=\"https:\/\/uluform.com\/wp-content\/uploads\/2024\/08\/plastik-enjeksiyon-2.png\" class=\"attachment-full size-full\" alt=\"\" srcset=\"https:\/\/uluform.com\/wp-content\/uploads\/2024\/08\/plastik-enjeksiyon-2.png 1080w, https:\/\/uluform.com\/wp-content\/uploads\/2024\/08\/plastik-enjeksiyon-2-300x300.png 300w, https:\/\/uluform.com\/wp-content\/uploads\/2024\/08\/plastik-enjeksiyon-2-1024x1024.png 1024w, https:\/\/uluform.com\/wp-content\/uploads\/2024\/08\/plastik-enjeksiyon-2-150x150.png 150w, https:\/\/uluform.com\/wp-content\/uploads\/2024\/08\/plastik-enjeksiyon-2-768x768.png 768w\" sizes=\"(max-width: 1080px) 100vw, 1080px\" \/><\/a>\n\t\t\t<\/div><\/figure><figure class='gallery-item'>\n\t\t\t<div class='gallery-icon landscape'>\n\t\t\t\t<a data-elementor-open-lightbox=\"yes\" data-elementor-lightbox-slideshow=\"92ea60f\" data-e-action-hash=\"#elementor-action%3Aaction%3Dlightbox%26settings%3DeyJpZCI6MTg1OCwidXJsIjoiaHR0cHM6XC9cL3VsdWZvcm0uY29tXC93cC1jb250ZW50XC91cGxvYWRzXC8yMDI0XC8wOFwvYWFhLnBuZyIsInNsaWRlc2hvdyI6IjkyZWE2MGYifQ%3D%3D\" href='https:\/\/uluform.com\/wp-content\/uploads\/2024\/08\/aaa.png'><img decoding=\"async\" width=\"800\" height=\"800\" src=\"https:\/\/uluform.com\/wp-content\/uploads\/2024\/08\/aaa.png\" class=\"attachment-full size-full\" alt=\"\" srcset=\"https:\/\/uluform.com\/wp-content\/uploads\/2024\/08\/aaa.png 800w, https:\/\/uluform.com\/wp-content\/uploads\/2024\/08\/aaa-300x300.png 300w, https:\/\/uluform.com\/wp-content\/uploads\/2024\/08\/aaa-150x150.png 150w, https:\/\/uluform.com\/wp-content\/uploads\/2024\/08\/aaa-768x768.png 768w\" sizes=\"(max-width: 800px) 100vw, 800px\" \/><\/a>\n\t\t\t<\/div><\/figure>\n\t\t<\/div>\n\t\t<\/div>\n\t\t\t\t\t\t<\/div>\n\t\t\t\t<\/div>\n\t\t\t\t\t<\/div>\n\t\t\t\t<\/div>\n\t\t<div class=\"elementor-element elementor-element-396c886a e-flex e-con-boxed e-con e-parent\" data-id=\"396c886a\" data-element_type=\"container\" data-e-type=\"container\">\n\t\t\t\t\t<div class=\"e-con-inner\">\n\t\t\t\t<div class=\"elementor-element elementor-element-5d03aa0e elementor-widget elementor-widget-text-editor\" data-id=\"5d03aa0e\" data-element_type=\"widget\" data-e-type=\"widget\" data-widget_type=\"text-editor.default\">\n\t\t\t\t<div class=\"elementor-widget-container\">\n\t\t\t\t\t\t\t\t\t<p>Plastic injection separators offer excellent solutions for applications requiring high precision and durability. These separators, produced by the injection molding method, stand out with their complex designs and high performance. The variety of materials in this method is quite high. It can also be manufactured with ESD protection specifically for the electronics industry.<\/p><p><strong>Advantages<\/strong><br \/>\u2022Robustness<br \/>\u2022Longevity<br \/>\u2022 Resistance to impact, moisture and chemicals<br \/>\u2022Washability<br \/>\u2022Suitability for multi-storey transportation<br \/>\u2022High precision and detailed production<br \/>\u2022Extensive customization possibilities<br \/>\u2022High Precision: Thanks to injection molding, complex and detailed designs can be produced perfectly.<br \/>\u2022Durability: It is produced using high quality plastic materials and is long lasting.<br \/>\u2022Diversity: Possibility of production in different colors, sizes and shapes.<br \/>\u2022Special Design: Can be customized according to customer needs.<\/p><p><strong>Areas of Use<\/strong><br \/>\u2022Automotive Industry: Transportation and protection of sensitive vehicle parts.<br \/>\u2022Electronics Sector: Transportation of small and sensitive electronic components.<br \/>\u2022Medical Supplies: Safe transportation of sterile medical devices and materials<\/p>\t\t\t\t\t\t\t\t<\/div>\n\t\t\t\t<\/div>\n\t\t\t\t\t<\/div>\n\t\t\t\t<\/div>\n\t\t\t\t<\/div>","protected":false},"excerpt":{"rendered":"<p>Plastik enjeksiyon seperat\u00f6rler, y\u00fcksek hassasiyet ve dayan\u0131kl\u0131l\u0131k gerektiren uygulamalar i\u00e7in m\u00fckemmel \u00e7\u00f6z\u00fcmler sunar. Enjeksiyon kal\u0131plama y\u00f6ntemiyle \u00fcretilen bu seperat\u00f6rler karma\u015f\u0131k tasar\u0131mlar\u0131 ve y\u00fcksek performanslar\u0131yla \u00f6ne \u00e7\u0131kar. Bu y\u00f6ntemde malzeme \u00e7e\u015fitlili\u011fi olduk\u00e7a fazlad\u0131r. Elektronik sekt\u00f6r\u00fcne \u00f6zel olarak ESD korumal\u0131 olarak da imal edilebilmektedir. Avantajlar\u0131\u2022Sa\u011flaml\u0131k\u2022Uzun \u00f6m\u00fcrl\u00fcl\u00fck\u2022Darbeye, neme, kimyasallara kar\u015f\u0131 dayan\u0131kl\u0131l\u0131k\u2022Y\u0131kanabilirlik\u2022Katl\u0131 ta\u015f\u0131maya uygunluk\u2022Y\u00fcksek hassasiyet ve detayl\u0131 \u00fcretim\u2022Geni\u015f \u00f6zelle\u015ftirme [&hellip;]<\/p>","protected":false},"author":1,"featured_media":0,"parent":0,"menu_order":0,"comment_status":"closed","ping_status":"closed","template":"","meta":{"footnotes":""},"class_list":["post-1610","page","type-page","status-publish","hentry"],"blocksy_meta":[],"_links":{"self":[{"href":"https:\/\/uluform.com\/en\/wp-json\/wp\/v2\/pages\/1610"}],"collection":[{"href":"https:\/\/uluform.com\/en\/wp-json\/wp\/v2\/pages"}],"about":[{"href":"https:\/\/uluform.com\/en\/wp-json\/wp\/v2\/types\/page"}],"author":[{"embeddable":true,"href":"https:\/\/uluform.com\/en\/wp-json\/wp\/v2\/users\/1"}],"replies":[{"embeddable":true,"href":"https:\/\/uluform.com\/en\/wp-json\/wp\/v2\/comments?post=1610"}],"version-history":[{"count":14,"href":"https:\/\/uluform.com\/en\/wp-json\/wp\/v2\/pages\/1610\/revisions"}],"predecessor-version":[{"id":1990,"href":"https:\/\/uluform.com\/en\/wp-json\/wp\/v2\/pages\/1610\/revisions\/1990"}],"wp:attachment":[{"href":"https:\/\/uluform.com\/en\/wp-json\/wp\/v2\/media?parent=1610"}],"curies":[{"name":"wp","href":"https:\/\/api.w.org\/{rel}","templated":true}]}}