{"id":1450,"date":"2024-04-24T13:03:20","date_gmt":"2024-04-24T10:03:20","guid":{"rendered":"https:\/\/uluform.com\/?page_id=1450"},"modified":"2024-12-17T10:43:22","modified_gmt":"2024-12-17T07:43:22","slug":"urunlerimiz","status":"publish","type":"page","link":"https:\/\/uluform.com\/en\/urunlerimiz\/","title":{"rendered":"Products"},"content":{"rendered":"<div data-elementor-type=\"wp-page\" data-elementor-id=\"1450\" class=\"elementor elementor-1450\">\n\t\t\t\t<div class=\"elementor-element elementor-element-6117797c e-flex e-con-boxed e-con e-parent\" data-id=\"6117797c\" data-element_type=\"container\" data-e-type=\"container\">\n\t\t\t\t\t<div class=\"e-con-inner\">\n\t\t<div class=\"elementor-element elementor-element-5574246c e-con-full e-flex e-con e-child\" data-id=\"5574246c\" data-element_type=\"container\" data-e-type=\"container\">\n\t\t\t\t<div class=\"elementor-element elementor-element-5e7011db elementor-position-top elementor-widget elementor-widget-image-box\" data-id=\"5e7011db\" data-element_type=\"widget\" data-e-type=\"widget\" data-settings=\"{&quot;_animation&quot;:&quot;none&quot;}\" data-widget_type=\"image-box.default\">\n\t\t\t\t<div class=\"elementor-widget-container\">\n\t\t\t\t\t<div class=\"elementor-image-box-wrapper\"><figure class=\"elementor-image-box-img\"><a href=\"https:\/\/uluform.com\/en\/termoform-seperatorler\/\" tabindex=\"-1\"><img fetchpriority=\"high\" decoding=\"async\" width=\"1024\" height=\"1024\" src=\"https:\/\/uluform.com\/wp-content\/uploads\/2024\/08\/1111-1024x1024.png\" class=\"elementor-animation-pop attachment-large size-large wp-image-1764\" alt=\"\" srcset=\"https:\/\/uluform.com\/wp-content\/uploads\/2024\/08\/1111-1024x1024.png 1024w, https:\/\/uluform.com\/wp-content\/uploads\/2024\/08\/1111-300x300.png 300w, https:\/\/uluform.com\/wp-content\/uploads\/2024\/08\/1111-150x150.png 150w, https:\/\/uluform.com\/wp-content\/uploads\/2024\/08\/1111-768x768.png 768w, https:\/\/uluform.com\/wp-content\/uploads\/2024\/08\/1111.png 1080w\" sizes=\"(max-width: 1024px) 100vw, 1024px\" \/><\/a><\/figure><div class=\"elementor-image-box-content\"><h5 class=\"elementor-image-box-title\"><a href=\"https:\/\/uluform.com\/en\/termoform-seperatorler\/\">THERMOFORM SEPARATORS<\/a><\/h5><\/div><\/div>\t\t\t\t<\/div>\n\t\t\t\t<\/div>\n\t\t\t\t<\/div>\n\t\t<div class=\"elementor-element elementor-element-20d785d5 e-con-full e-flex e-con e-child\" data-id=\"20d785d5\" data-element_type=\"container\" data-e-type=\"container\">\n\t\t\t\t<div class=\"elementor-element elementor-element-ebbf485 elementor-position-top elementor-widget elementor-widget-image-box\" data-id=\"ebbf485\" data-element_type=\"widget\" data-e-type=\"widget\" data-widget_type=\"image-box.default\">\n\t\t\t\t<div class=\"elementor-widget-container\">\n\t\t\t\t\t<div class=\"elementor-image-box-wrapper\"><figure class=\"elementor-image-box-img\"><a href=\"https:\/\/uluform.com\/en\/esd-korumali-seperatorler\/\" tabindex=\"-1\"><img decoding=\"async\" width=\"1024\" height=\"1024\" src=\"https:\/\/uluform.com\/wp-content\/uploads\/2024\/08\/2222-1024x1024.png\" class=\"elementor-animation-pop attachment-large size-large wp-image-1765\" alt=\"\" srcset=\"https:\/\/uluform.com\/wp-content\/uploads\/2024\/08\/2222-1024x1024.png 1024w, https:\/\/uluform.com\/wp-content\/uploads\/2024\/08\/2222-300x300.png 300w, https:\/\/uluform.com\/wp-content\/uploads\/2024\/08\/2222-150x150.png 150w, https:\/\/uluform.com\/wp-content\/uploads\/2024\/08\/2222-768x768.png 768w, https:\/\/uluform.com\/wp-content\/uploads\/2024\/08\/2222.png 1080w\" sizes=\"(max-width: 1024px) 100vw, 1024px\" \/><\/a><\/figure><div class=\"elementor-image-box-content\"><h5 class=\"elementor-image-box-title\"><a href=\"https:\/\/uluform.com\/en\/esd-korumali-seperatorler\/\">ESD PROTECTED SEPARATORS<\/a><\/h5><\/div><\/div>\t\t\t\t<\/div>\n\t\t\t\t<\/div>\n\t\t\t\t<\/div>\n\t\t<div class=\"elementor-element elementor-element-389e1108 e-con-full e-flex e-con e-child\" data-id=\"389e1108\" data-element_type=\"container\" data-e-type=\"container\">\n\t\t\t\t<div class=\"elementor-element elementor-element-1ca1b332 elementor-position-top elementor-widget elementor-widget-image-box\" data-id=\"1ca1b332\" data-element_type=\"widget\" data-e-type=\"widget\" data-widget_type=\"image-box.default\">\n\t\t\t\t<div class=\"elementor-widget-container\">\n\t\t\t\t\t<div class=\"elementor-image-box-wrapper\"><figure class=\"elementor-image-box-img\"><a href=\"https:\/\/uluform.com\/en\/plastik-enjeksiyon-seperatorler\/\" tabindex=\"-1\"><img decoding=\"async\" width=\"1024\" height=\"1024\" src=\"https:\/\/uluform.com\/wp-content\/uploads\/2024\/08\/plastik-enjeksiyon-2-1024x1024.png\" class=\"elementor-animation-pop attachment-large size-large wp-image-1782\" alt=\"\" srcset=\"https:\/\/uluform.com\/wp-content\/uploads\/2024\/08\/plastik-enjeksiyon-2-1024x1024.png 1024w, https:\/\/uluform.com\/wp-content\/uploads\/2024\/08\/plastik-enjeksiyon-2-300x300.png 300w, https:\/\/uluform.com\/wp-content\/uploads\/2024\/08\/plastik-enjeksiyon-2-150x150.png 150w, https:\/\/uluform.com\/wp-content\/uploads\/2024\/08\/plastik-enjeksiyon-2-768x768.png 768w, https:\/\/uluform.com\/wp-content\/uploads\/2024\/08\/plastik-enjeksiyon-2.png 1080w\" sizes=\"(max-width: 1024px) 100vw, 1024px\" \/><\/a><\/figure><div class=\"elementor-image-box-content\"><h5 class=\"elementor-image-box-title\"><a href=\"https:\/\/uluform.com\/en\/plastik-enjeksiyon-seperatorler\/\">PLASTIC INJECTION SEPARATORS<\/a><\/h5><\/div><\/div>\t\t\t\t<\/div>\n\t\t\t\t<\/div>\n\t\t\t\t<\/div>\n\t\t<div class=\"elementor-element elementor-element-6e786058 e-con-full e-flex e-con e-child\" data-id=\"6e786058\" data-element_type=\"container\" data-e-type=\"container\">\n\t\t\t\t<div class=\"elementor-element elementor-element-74b2c8cc elementor-position-top elementor-widget elementor-widget-image-box\" data-id=\"74b2c8cc\" data-element_type=\"widget\" data-e-type=\"widget\" data-settings=\"{&quot;_animation&quot;:&quot;none&quot;}\" data-widget_type=\"image-box.default\">\n\t\t\t\t<div class=\"elementor-widget-container\">\n\t\t\t\t\t<div class=\"elementor-image-box-wrapper\"><figure class=\"elementor-image-box-img\"><a href=\"https:\/\/uluform.com\/en\/pp-oluklu-seperatorler-ve-pp-kutular\/\" tabindex=\"-1\"><img loading=\"lazy\" decoding=\"async\" width=\"1024\" height=\"1024\" src=\"https:\/\/uluform.com\/wp-content\/uploads\/2024\/08\/4444-1024x1024.png\" class=\"elementor-animation-pop attachment-large size-large wp-image-1767\" alt=\"\" srcset=\"https:\/\/uluform.com\/wp-content\/uploads\/2024\/08\/4444-1024x1024.png 1024w, https:\/\/uluform.com\/wp-content\/uploads\/2024\/08\/4444-300x300.png 300w, https:\/\/uluform.com\/wp-content\/uploads\/2024\/08\/4444-150x150.png 150w, https:\/\/uluform.com\/wp-content\/uploads\/2024\/08\/4444-768x768.png 768w, https:\/\/uluform.com\/wp-content\/uploads\/2024\/08\/4444.png 1080w\" sizes=\"(max-width: 1024px) 100vw, 1024px\" \/><\/a><\/figure><div class=\"elementor-image-box-content\"><h5 class=\"elementor-image-box-title\"><a href=\"https:\/\/uluform.com\/en\/pp-oluklu-seperatorler-ve-pp-kutular\/\">PP CORRUGATED SEPARATORS<\/a><\/h5><p class=\"elementor-image-box-description\">PP BOXES<\/p><\/div><\/div>\t\t\t\t<\/div>\n\t\t\t\t<\/div>\n\t\t\t\t<\/div>\n\t\t<div class=\"elementor-element elementor-element-12923777 e-con-full e-flex e-con e-child\" data-id=\"12923777\" data-element_type=\"container\" data-e-type=\"container\">\n\t\t\t\t<div class=\"elementor-element elementor-element-7b129e25 elementor-position-top elementor-widget elementor-widget-image-box\" data-id=\"7b129e25\" data-element_type=\"widget\" data-e-type=\"widget\" data-settings=\"{&quot;_animation&quot;:&quot;none&quot;}\" data-widget_type=\"image-box.default\">\n\t\t\t\t<div class=\"elementor-widget-container\">\n\t\t\t\t\t<div class=\"elementor-image-box-wrapper\"><figure class=\"elementor-image-box-img\"><a href=\"https:\/\/uluform.com\/en\/kopuk-seperatorler\/\" tabindex=\"-1\"><img loading=\"lazy\" decoding=\"async\" width=\"1024\" height=\"1024\" src=\"https:\/\/uluform.com\/wp-content\/uploads\/2024\/08\/5555-1024x1024.png\" class=\"elementor-animation-pop attachment-large size-large wp-image-1768\" alt=\"\" srcset=\"https:\/\/uluform.com\/wp-content\/uploads\/2024\/08\/5555-1024x1024.png 1024w, https:\/\/uluform.com\/wp-content\/uploads\/2024\/08\/5555-300x300.png 300w, https:\/\/uluform.com\/wp-content\/uploads\/2024\/08\/5555-150x150.png 150w, https:\/\/uluform.com\/wp-content\/uploads\/2024\/08\/5555-768x768.png 768w, https:\/\/uluform.com\/wp-content\/uploads\/2024\/08\/5555.png 1080w\" sizes=\"(max-width: 1024px) 100vw, 1024px\" \/><\/a><\/figure><div class=\"elementor-image-box-content\"><h5 class=\"elementor-image-box-title\"><a href=\"https:\/\/uluform.com\/en\/kopuk-seperatorler\/\">FOAM CARRIER SEPARATORS<\/a><\/h5><\/div><\/div>\t\t\t\t<\/div>\n\t\t\t\t<\/div>\n\t\t\t\t<\/div>\n\t\t<div class=\"elementor-element elementor-element-1cb8fc7f e-con-full e-flex e-con e-child\" data-id=\"1cb8fc7f\" data-element_type=\"container\" data-e-type=\"container\">\n\t\t\t\t<div class=\"elementor-element elementor-element-7804f373 elementor-position-top elementor-widget elementor-widget-image-box\" data-id=\"7804f373\" data-element_type=\"widget\" data-e-type=\"widget\" data-settings=\"{&quot;_animation&quot;:&quot;none&quot;}\" data-widget_type=\"image-box.default\">\n\t\t\t\t<div class=\"elementor-widget-container\">\n\t\t\t\t\t<div class=\"elementor-image-box-wrapper\"><figure class=\"elementor-image-box-img\"><a href=\"https:\/\/uluform.com\/en\/kalip-tasarimi-arge\/\" tabindex=\"-1\"><img loading=\"lazy\" decoding=\"async\" width=\"1024\" height=\"1024\" src=\"https:\/\/uluform.com\/wp-content\/uploads\/2024\/08\/kalip-tasarimi-arge-1024x1024.png\" class=\"elementor-animation-pop attachment-large size-large wp-image-1786\" alt=\"\" srcset=\"https:\/\/uluform.com\/wp-content\/uploads\/2024\/08\/kalip-tasarimi-arge-1024x1024.png 1024w, https:\/\/uluform.com\/wp-content\/uploads\/2024\/08\/kalip-tasarimi-arge-300x300.png 300w, https:\/\/uluform.com\/wp-content\/uploads\/2024\/08\/kalip-tasarimi-arge-150x150.png 150w, https:\/\/uluform.com\/wp-content\/uploads\/2024\/08\/kalip-tasarimi-arge-768x768.png 768w, https:\/\/uluform.com\/wp-content\/uploads\/2024\/08\/kalip-tasarimi-arge.png 1080w\" sizes=\"(max-width: 1024px) 100vw, 1024px\" \/><\/a><\/figure><div class=\"elementor-image-box-content\"><h5 class=\"elementor-image-box-title\"><a href=\"https:\/\/uluform.com\/en\/kalip-tasarimi-arge\/\">MOLD DESIGN<\/a><\/h5><p class=\"elementor-image-box-description\">AR-GE<\/p><\/div><\/div>\t\t\t\t<\/div>\n\t\t\t\t<\/div>\n\t\t\t\t<\/div>\n\t\t\t\t\t<\/div>\n\t\t\t\t<\/div>\n\t\t\t\t<\/div>","protected":false},"excerpt":{"rendered":"<p>THERMOFORM SEPERAT\u00d6RLER ESD KORUMALI SEPERAT\u00d6RLER PLAST\u0130K ENJEKS\u0130YON SEPERAT\u00d6RLER PP OLUKLU SEPERAT\u00d6RLER PP KUTULAR K\u00d6P\u00dcK TA\u015eIYICI SEPERAT\u00d6RLER KALIP TASARIMI AR-GE<\/p>","protected":false},"author":1,"featured_media":0,"parent":0,"menu_order":0,"comment_status":"closed","ping_status":"closed","template":"","meta":{"footnotes":""},"class_list":["post-1450","page","type-page","status-publish","hentry"],"blocksy_meta":[],"_links":{"self":[{"href":"https:\/\/uluform.com\/en\/wp-json\/wp\/v2\/pages\/1450"}],"collection":[{"href":"https:\/\/uluform.com\/en\/wp-json\/wp\/v2\/pages"}],"about":[{"href":"https:\/\/uluform.com\/en\/wp-json\/wp\/v2\/types\/page"}],"author":[{"embeddable":true,"href":"https:\/\/uluform.com\/en\/wp-json\/wp\/v2\/users\/1"}],"replies":[{"embeddable":true,"href":"https:\/\/uluform.com\/en\/wp-json\/wp\/v2\/comments?post=1450"}],"version-history":[{"count":16,"href":"https:\/\/uluform.com\/en\/wp-json\/wp\/v2\/pages\/1450\/revisions"}],"predecessor-version":[{"id":2106,"href":"https:\/\/uluform.com\/en\/wp-json\/wp\/v2\/pages\/1450\/revisions\/2106"}],"wp:attachment":[{"href":"https:\/\/uluform.com\/en\/wp-json\/wp\/v2\/media?parent=1450"}],"curies":[{"name":"wp","href":"https:\/\/api.w.org\/{rel}","templated":true}]}}