{"id":1142,"date":"2022-06-28T11:12:34","date_gmt":"2022-06-28T11:12:34","guid":{"rendered":"https:\/\/demo.creativethemes.com\/elementor\/web-agency\/?page_id=1142"},"modified":"2024-12-18T17:44:18","modified_gmt":"2024-12-18T14:44:18","slug":"anasayfa","status":"publish","type":"page","link":"https:\/\/uluform.com\/en\/","title":{"rendered":"Homepage"},"content":{"rendered":"<div data-elementor-type=\"wp-page\" data-elementor-id=\"1142\" class=\"elementor elementor-1142\">\n\t\t\t\t<div class=\"elementor-element elementor-element-7fccd0d e-con-full e-flex e-con e-parent\" data-id=\"7fccd0d\" data-element_type=\"container\" data-e-type=\"container\">\n\t\t<div class=\"elementor-element elementor-element-b460453 e-con-full e-flex e-con e-child\" data-id=\"b460453\" data-element_type=\"container\" data-e-type=\"container\" data-settings=\"{&quot;background_background&quot;:&quot;classic&quot;}\">\n\t\t\t\t<div class=\"elementor-element elementor-element-88c46f2 elementor-widget elementor-widget-heading\" data-id=\"88c46f2\" data-element_type=\"widget\" data-e-type=\"widget\" data-widget_type=\"heading.default\">\n\t\t\t\t<div class=\"elementor-widget-container\">\n\t\t\t\t\t<h2 class=\"elementor-heading-title elementor-size-default\"><br>ULUFORM PLASTIC<\/h2>\t\t\t\t<\/div>\n\t\t\t\t<\/div>\n\t\t\t\t<div class=\"elementor-element elementor-element-56b9cc9 elementor-widget elementor-widget-text-editor\" data-id=\"56b9cc9\" data-element_type=\"widget\" data-e-type=\"widget\" data-widget_type=\"text-editor.default\">\n\t\t\t\t<div class=\"elementor-widget-container\">\n\t\t\t\t\t\t\t\t\t<p>.<\/p>\t\t\t\t\t\t\t\t<\/div>\n\t\t\t\t<\/div>\n\t\t\t\t<div class=\"elementor-element elementor-element-e904ff3 elementor-widget elementor-widget-image\" data-id=\"e904ff3\" data-element_type=\"widget\" data-e-type=\"widget\" data-widget_type=\"image.default\">\n\t\t\t\t<div class=\"elementor-widget-container\">\n\t\t\t\t\t\t\t\t\t\t\t\t\t\t\t<img fetchpriority=\"high\" decoding=\"async\" width=\"1024\" height=\"349\" src=\"https:\/\/uluform.com\/wp-content\/uploads\/2024\/10\/uluform-slider-2-1024x349.jpg\" class=\"attachment-large size-large wp-image-2085\" alt=\"\" srcset=\"https:\/\/uluform.com\/wp-content\/uploads\/2024\/10\/uluform-slider-2-1024x349.jpg 1024w, https:\/\/uluform.com\/wp-content\/uploads\/2024\/10\/uluform-slider-2-300x102.jpg 300w, https:\/\/uluform.com\/wp-content\/uploads\/2024\/10\/uluform-slider-2-768x262.jpg 768w, https:\/\/uluform.com\/wp-content\/uploads\/2024\/10\/uluform-slider-2-1536x523.jpg 1536w, https:\/\/uluform.com\/wp-content\/uploads\/2024\/10\/uluform-slider-2-18x6.jpg 18w, https:\/\/uluform.com\/wp-content\/uploads\/2024\/10\/uluform-slider-2.jpg 2000w\" sizes=\"(max-width: 1024px) 100vw, 1024px\" \/>\t\t\t\t\t\t\t\t\t\t\t\t\t\t\t<\/div>\n\t\t\t\t<\/div>\n\t\t\t\t<\/div>\n\t\t\t\t<\/div>\n\t\t<div class=\"elementor-element elementor-element-653148c e-flex e-con-boxed e-con e-parent\" data-id=\"653148c\" data-element_type=\"container\" data-e-type=\"container\">\n\t\t\t\t\t<div class=\"e-con-inner\">\n\t\t\t\t<div class=\"elementor-element elementor-element-840081c elementor-widget elementor-widget-heading\" data-id=\"840081c\" data-element_type=\"widget\" data-e-type=\"widget\" data-widget_type=\"heading.default\">\n\t\t\t\t<div class=\"elementor-widget-container\">\n\t\t\t\t\t<h2 class=\"elementor-heading-title elementor-size-default\">OUR SERVICES<\/h2>\t\t\t\t<\/div>\n\t\t\t\t<\/div>\n\t\t\t\t<div class=\"elementor-element elementor-element-b9a8b50 elementor-widget elementor-widget-text-editor\" data-id=\"b9a8b50\" data-element_type=\"widget\" data-e-type=\"widget\" data-widget_type=\"text-editor.default\">\n\t\t\t\t<div class=\"elementor-widget-container\">\n\t\t\t\t\t\t\t\t\t<p>We are at your service with our special carrier packaging solutions for your products.<\/p>\t\t\t\t\t\t\t\t<\/div>\n\t\t\t\t<\/div>\n\t\t\t\t\t<\/div>\n\t\t\t\t<\/div>\n\t\t<div class=\"elementor-element elementor-element-0d34d5b e-flex e-con-boxed e-con e-parent\" data-id=\"0d34d5b\" data-element_type=\"container\" data-e-type=\"container\">\n\t\t\t\t\t<div class=\"e-con-inner\">\n\t\t<div class=\"elementor-element elementor-element-06d2be1 e-con-full e-flex e-con e-child\" data-id=\"06d2be1\" data-element_type=\"container\" data-e-type=\"container\">\n\t\t\t\t<div class=\"elementor-element elementor-element-b9c3f82 elementor-position-top elementor-widget elementor-widget-image-box\" data-id=\"b9c3f82\" data-element_type=\"widget\" data-e-type=\"widget\" data-settings=\"{&quot;_animation&quot;:&quot;none&quot;}\" data-widget_type=\"image-box.default\">\n\t\t\t\t<div class=\"elementor-widget-container\">\n\t\t\t\t\t<div class=\"elementor-image-box-wrapper\"><figure class=\"elementor-image-box-img\"><a href=\"https:\/\/uluform.com\/en\/termoform-seperatorler\/\" tabindex=\"-1\"><img decoding=\"async\" width=\"1024\" height=\"1024\" src=\"https:\/\/uluform.com\/wp-content\/uploads\/2024\/08\/1111-1024x1024.png\" class=\"elementor-animation-pop attachment-large size-large wp-image-1764\" alt=\"\" srcset=\"https:\/\/uluform.com\/wp-content\/uploads\/2024\/08\/1111-1024x1024.png 1024w, https:\/\/uluform.com\/wp-content\/uploads\/2024\/08\/1111-300x300.png 300w, https:\/\/uluform.com\/wp-content\/uploads\/2024\/08\/1111-150x150.png 150w, https:\/\/uluform.com\/wp-content\/uploads\/2024\/08\/1111-768x768.png 768w, https:\/\/uluform.com\/wp-content\/uploads\/2024\/08\/1111.png 1080w\" sizes=\"(max-width: 1024px) 100vw, 1024px\" \/><\/a><\/figure><div class=\"elementor-image-box-content\"><h5 class=\"elementor-image-box-title\"><a href=\"https:\/\/uluform.com\/en\/termoform-seperatorler\/\">THERMOFORM SEPARATORS<\/a><\/h5><\/div><\/div>\t\t\t\t<\/div>\n\t\t\t\t<\/div>\n\t\t\t\t<\/div>\n\t\t<div class=\"elementor-element elementor-element-f1fe89f e-con-full e-flex e-con e-child\" data-id=\"f1fe89f\" data-element_type=\"container\" data-e-type=\"container\">\n\t\t\t\t<div class=\"elementor-element elementor-element-72420bd elementor-position-top elementor-widget elementor-widget-image-box\" data-id=\"72420bd\" data-element_type=\"widget\" data-e-type=\"widget\" data-widget_type=\"image-box.default\">\n\t\t\t\t<div class=\"elementor-widget-container\">\n\t\t\t\t\t<div class=\"elementor-image-box-wrapper\"><figure class=\"elementor-image-box-img\"><a href=\"https:\/\/uluform.com\/en\/esd-korumali-seperatorler\/\" tabindex=\"-1\"><img decoding=\"async\" width=\"1024\" height=\"1024\" src=\"https:\/\/uluform.com\/wp-content\/uploads\/2024\/08\/2222-1024x1024.png\" class=\"elementor-animation-pop attachment-large size-large wp-image-1765\" alt=\"\" srcset=\"https:\/\/uluform.com\/wp-content\/uploads\/2024\/08\/2222-1024x1024.png 1024w, https:\/\/uluform.com\/wp-content\/uploads\/2024\/08\/2222-300x300.png 300w, https:\/\/uluform.com\/wp-content\/uploads\/2024\/08\/2222-150x150.png 150w, https:\/\/uluform.com\/wp-content\/uploads\/2024\/08\/2222-768x768.png 768w, https:\/\/uluform.com\/wp-content\/uploads\/2024\/08\/2222.png 1080w\" sizes=\"(max-width: 1024px) 100vw, 1024px\" \/><\/a><\/figure><div class=\"elementor-image-box-content\"><h5 class=\"elementor-image-box-title\"><a href=\"https:\/\/uluform.com\/en\/esd-korumali-seperatorler\/\">ESD PROTECTED SEPARATORS<\/a><\/h5><\/div><\/div>\t\t\t\t<\/div>\n\t\t\t\t<\/div>\n\t\t\t\t<\/div>\n\t\t<div class=\"elementor-element elementor-element-8150b0e e-con-full e-flex e-con e-child\" data-id=\"8150b0e\" data-element_type=\"container\" data-e-type=\"container\">\n\t\t\t\t<div class=\"elementor-element elementor-element-21bb89e elementor-position-top elementor-widget elementor-widget-image-box\" data-id=\"21bb89e\" data-element_type=\"widget\" data-e-type=\"widget\" data-widget_type=\"image-box.default\">\n\t\t\t\t<div class=\"elementor-widget-container\">\n\t\t\t\t\t<div class=\"elementor-image-box-wrapper\"><figure class=\"elementor-image-box-img\"><a href=\"https:\/\/uluform.com\/en\/plastik-enjeksiyon-seperatorler\/\" tabindex=\"-1\"><img loading=\"lazy\" decoding=\"async\" width=\"1024\" height=\"1024\" src=\"https:\/\/uluform.com\/wp-content\/uploads\/2024\/08\/plastik-enjeksiyon-2-1024x1024.png\" class=\"elementor-animation-pop attachment-large size-large wp-image-1782\" alt=\"\" srcset=\"https:\/\/uluform.com\/wp-content\/uploads\/2024\/08\/plastik-enjeksiyon-2-1024x1024.png 1024w, https:\/\/uluform.com\/wp-content\/uploads\/2024\/08\/plastik-enjeksiyon-2-300x300.png 300w, https:\/\/uluform.com\/wp-content\/uploads\/2024\/08\/plastik-enjeksiyon-2-150x150.png 150w, https:\/\/uluform.com\/wp-content\/uploads\/2024\/08\/plastik-enjeksiyon-2-768x768.png 768w, https:\/\/uluform.com\/wp-content\/uploads\/2024\/08\/plastik-enjeksiyon-2.png 1080w\" sizes=\"(max-width: 1024px) 100vw, 1024px\" \/><\/a><\/figure><div class=\"elementor-image-box-content\"><h5 class=\"elementor-image-box-title\"><a href=\"https:\/\/uluform.com\/en\/plastik-enjeksiyon-seperatorler\/\">PLASTIC INJECTION SEPARATORS<\/a><\/h5><\/div><\/div>\t\t\t\t<\/div>\n\t\t\t\t<\/div>\n\t\t\t\t<\/div>\n\t\t<div class=\"elementor-element elementor-element-bc68579 e-con-full e-flex e-con e-child\" data-id=\"bc68579\" data-element_type=\"container\" data-e-type=\"container\">\n\t\t\t\t<div class=\"elementor-element elementor-element-4b735d6 elementor-position-top elementor-widget elementor-widget-image-box\" data-id=\"4b735d6\" data-element_type=\"widget\" data-e-type=\"widget\" data-settings=\"{&quot;_animation&quot;:&quot;none&quot;}\" data-widget_type=\"image-box.default\">\n\t\t\t\t<div class=\"elementor-widget-container\">\n\t\t\t\t\t<div class=\"elementor-image-box-wrapper\"><figure class=\"elementor-image-box-img\"><a href=\"https:\/\/uluform.com\/en\/pp-oluklu-seperatorler-ve-pp-kutular\/\" tabindex=\"-1\"><img loading=\"lazy\" decoding=\"async\" width=\"1024\" height=\"1024\" src=\"https:\/\/uluform.com\/wp-content\/uploads\/2024\/08\/4444-1024x1024.png\" class=\"elementor-animation-pop attachment-large size-large wp-image-1767\" alt=\"\" srcset=\"https:\/\/uluform.com\/wp-content\/uploads\/2024\/08\/4444-1024x1024.png 1024w, https:\/\/uluform.com\/wp-content\/uploads\/2024\/08\/4444-300x300.png 300w, https:\/\/uluform.com\/wp-content\/uploads\/2024\/08\/4444-150x150.png 150w, https:\/\/uluform.com\/wp-content\/uploads\/2024\/08\/4444-768x768.png 768w, https:\/\/uluform.com\/wp-content\/uploads\/2024\/08\/4444.png 1080w\" sizes=\"(max-width: 1024px) 100vw, 1024px\" \/><\/a><\/figure><div class=\"elementor-image-box-content\"><h5 class=\"elementor-image-box-title\"><a href=\"https:\/\/uluform.com\/en\/pp-oluklu-seperatorler-ve-pp-kutular\/\">PP CORRUGATED SEPARATORS<\/a><\/h5><p class=\"elementor-image-box-description\">PP BOXES<\/p><\/div><\/div>\t\t\t\t<\/div>\n\t\t\t\t<\/div>\n\t\t\t\t<\/div>\n\t\t<div class=\"elementor-element elementor-element-4fd228e e-con-full e-flex e-con e-child\" data-id=\"4fd228e\" data-element_type=\"container\" data-e-type=\"container\">\n\t\t\t\t<div class=\"elementor-element elementor-element-fda31a6 elementor-position-top elementor-widget elementor-widget-image-box\" data-id=\"fda31a6\" data-element_type=\"widget\" data-e-type=\"widget\" data-settings=\"{&quot;_animation&quot;:&quot;none&quot;}\" data-widget_type=\"image-box.default\">\n\t\t\t\t<div class=\"elementor-widget-container\">\n\t\t\t\t\t<div class=\"elementor-image-box-wrapper\"><figure class=\"elementor-image-box-img\"><a href=\"https:\/\/uluform.com\/en\/kopuk-seperatorler\/\" tabindex=\"-1\"><img loading=\"lazy\" decoding=\"async\" width=\"1024\" height=\"1024\" src=\"https:\/\/uluform.com\/wp-content\/uploads\/2024\/08\/5555-1024x1024.png\" class=\"elementor-animation-pop attachment-large size-large wp-image-1768\" alt=\"\" srcset=\"https:\/\/uluform.com\/wp-content\/uploads\/2024\/08\/5555-1024x1024.png 1024w, https:\/\/uluform.com\/wp-content\/uploads\/2024\/08\/5555-300x300.png 300w, https:\/\/uluform.com\/wp-content\/uploads\/2024\/08\/5555-150x150.png 150w, https:\/\/uluform.com\/wp-content\/uploads\/2024\/08\/5555-768x768.png 768w, https:\/\/uluform.com\/wp-content\/uploads\/2024\/08\/5555.png 1080w\" sizes=\"(max-width: 1024px) 100vw, 1024px\" \/><\/a><\/figure><div class=\"elementor-image-box-content\"><h5 class=\"elementor-image-box-title\"><a href=\"https:\/\/uluform.com\/en\/kopuk-seperatorler\/\">FOAM CARRIER SEPARATORS<\/a><\/h5><\/div><\/div>\t\t\t\t<\/div>\n\t\t\t\t<\/div>\n\t\t\t\t<\/div>\n\t\t<div class=\"elementor-element elementor-element-9b80a8d e-con-full e-flex e-con e-child\" data-id=\"9b80a8d\" data-element_type=\"container\" data-e-type=\"container\">\n\t\t\t\t<div class=\"elementor-element elementor-element-5b17668 elementor-position-top elementor-widget elementor-widget-image-box\" data-id=\"5b17668\" data-element_type=\"widget\" data-e-type=\"widget\" data-settings=\"{&quot;_animation&quot;:&quot;none&quot;}\" data-widget_type=\"image-box.default\">\n\t\t\t\t<div class=\"elementor-widget-container\">\n\t\t\t\t\t<div class=\"elementor-image-box-wrapper\"><figure class=\"elementor-image-box-img\"><a href=\"https:\/\/uluform.com\/en\/kalip-tasarimi-arge\/\" tabindex=\"-1\"><img loading=\"lazy\" decoding=\"async\" width=\"1024\" height=\"1024\" src=\"https:\/\/uluform.com\/wp-content\/uploads\/2024\/08\/kalip-tasarimi-arge-1024x1024.png\" class=\"elementor-animation-pop attachment-large size-large wp-image-1786\" alt=\"\" srcset=\"https:\/\/uluform.com\/wp-content\/uploads\/2024\/08\/kalip-tasarimi-arge-1024x1024.png 1024w, https:\/\/uluform.com\/wp-content\/uploads\/2024\/08\/kalip-tasarimi-arge-300x300.png 300w, https:\/\/uluform.com\/wp-content\/uploads\/2024\/08\/kalip-tasarimi-arge-150x150.png 150w, https:\/\/uluform.com\/wp-content\/uploads\/2024\/08\/kalip-tasarimi-arge-768x768.png 768w, https:\/\/uluform.com\/wp-content\/uploads\/2024\/08\/kalip-tasarimi-arge.png 1080w\" sizes=\"(max-width: 1024px) 100vw, 1024px\" \/><\/a><\/figure><div class=\"elementor-image-box-content\"><h5 class=\"elementor-image-box-title\"><a href=\"https:\/\/uluform.com\/en\/kalip-tasarimi-arge\/\">MOLD DESIGN<\/a><\/h5><p class=\"elementor-image-box-description\">AR-GE<\/p><\/div><\/div>\t\t\t\t<\/div>\n\t\t\t\t<\/div>\n\t\t\t\t<\/div>\n\t\t\t\t\t<\/div>\n\t\t\t\t<\/div>\n\t\t<div class=\"elementor-element elementor-element-704e5c4 e-flex e-con-boxed e-con e-parent\" data-id=\"704e5c4\" data-element_type=\"container\" data-e-type=\"container\">\n\t\t\t\t\t<div class=\"e-con-inner\">\n\t\t\t\t<div class=\"elementor-element elementor-element-6a18fdd elementor-widget elementor-widget-heading\" data-id=\"6a18fdd\" data-element_type=\"widget\" data-e-type=\"widget\" data-widget_type=\"heading.default\">\n\t\t\t\t<div class=\"elementor-widget-container\">\n\t\t\t\t\t<h1 class=\"elementor-heading-title elementor-size-default\">Hizmet Verdi\u011fimiz Ba\u015fl\u0131ca Sekt\u00f6rler <\/h1>\t\t\t\t<\/div>\n\t\t\t\t<\/div>\n\t\t\t\t\t<\/div>\n\t\t\t\t<\/div>\n\t\t<div class=\"elementor-element elementor-element-fa80541 e-flex e-con-boxed e-con e-parent\" data-id=\"fa80541\" data-element_type=\"container\" data-e-type=\"container\">\n\t\t\t\t\t<div class=\"e-con-inner\">\n\t\t\t\t<div class=\"elementor-element elementor-element-e6a1d45 elementor-widget elementor-widget-image\" data-id=\"e6a1d45\" data-element_type=\"widget\" data-e-type=\"widget\" data-widget_type=\"image.default\">\n\t\t\t\t<div class=\"elementor-widget-container\">\n\t\t\t\t\t\t\t\t\t\t\t\t\t\t\t<img loading=\"lazy\" decoding=\"async\" width=\"2135\" height=\"348\" src=\"https:\/\/uluform.com\/wp-content\/uploads\/2024\/10\/banner-46.png\" class=\"attachment-full size-full wp-image-2094\" alt=\"\" srcset=\"https:\/\/uluform.com\/wp-content\/uploads\/2024\/10\/banner-46.png 2135w, https:\/\/uluform.com\/wp-content\/uploads\/2024\/10\/banner-46-300x49.png 300w, https:\/\/uluform.com\/wp-content\/uploads\/2024\/10\/banner-46-1024x167.png 1024w, https:\/\/uluform.com\/wp-content\/uploads\/2024\/10\/banner-46-768x125.png 768w, https:\/\/uluform.com\/wp-content\/uploads\/2024\/10\/banner-46-1536x250.png 1536w, https:\/\/uluform.com\/wp-content\/uploads\/2024\/10\/banner-46-2048x334.png 2048w, https:\/\/uluform.com\/wp-content\/uploads\/2024\/10\/banner-46-18x3.png 18w\" sizes=\"(max-width: 2135px) 100vw, 2135px\" \/>\t\t\t\t\t\t\t\t\t\t\t\t\t\t\t<\/div>\n\t\t\t\t<\/div>\n\t\t\t\t\t<\/div>\n\t\t\t\t<\/div>\n\t\t\t\t<\/div>","protected":false},"excerpt":{"rendered":"<p>ULUFORM PLAST\u0130K . H\u0130ZMETLER\u0130M\u0130Z \u00dcr\u00fcnlerinize \u00f6zel ta\u015f\u0131y\u0131c\u0131 ambalaj \u00e7\u00f6z\u00fcmlerimiz ile hizmetinizdeyiz. THERMOFORM SEPERAT\u00d6RLER ESD KORUMALI SEPERAT\u00d6RLER PLAST\u0130K ENJEKS\u0130YON SEPERAT\u00d6RLER PP OLUKLU SEPERAT\u00d6RLER PP KUTULAR K\u00d6P\u00dcK TA\u015eIYICI SEPERAT\u00d6RLER KALIP TASARIMI AR-GE Hizmet Verdi\u011fimiz Ba\u015fl\u0131ca Sekt\u00f6rler<\/p>","protected":false},"author":1,"featured_media":0,"parent":0,"menu_order":0,"comment_status":"closed","ping_status":"closed","template":"","meta":{"footnotes":""},"class_list":["post-1142","page","type-page","status-publish","hentry"],"blocksy_meta":{"page_title_panel":"","has_hero_section":"disabled","439e24da4eff50a72cd42bf2d3306a29":"","hero_section":"type-1","hero_elements":[{"id":"custom_title","enabled":true,"heading_tag":"h1","title":"Home"},{"id":"custom_description","enabled":true,"description_visibility":{"desktop":true,"tablet":true,"mobile":false}},{"id":"custom_meta","enabled":false,"meta_elements":[{"id":"author","enabled":true,"label":"By","has_author_avatar":"yes","avatar_size":25},{"id":"post_date","enabled":true,"label":"On","date_format_source":"default","date_format":"M j, Y"},{"id":"updated_date","enabled":false,"label":"On","date_format_source":"default","date_format":"M j, Y"},{"id":"categories","enabled":false,"label":"In","style":"simple"},{"id":"comments","enabled":true}],"page_meta_elements":{"joined":true,"articles_count":true,"comments":true}},{"id":"breadcrumbs","enabled":false}],"9fac0f0da6d7817e2623cc7cc81faeb9":"","hero_alignment1":"CT_CSS_SKIP_RULE","hero_margin":40,"hero_alignment2":"center","hero_vertical_alignment":"center","a6dfeafdfac0ca8323d070b7557f5096":"","hero_structure":"narrow","39f25695021540786bd9110bc218f6d6":"","page_title_bg_type":"featured_image","custom_hero_background":{"attachment_id":null},"page_title_image_size":"full","parallax":{"desktop":false,"tablet":false,"mobile":false},"79be491aa9d395cfc13d43fd027ea0f7":"","hero_height":"250px","pageTitleFont":{"family":"Default","variation":"Default","size":"30px","line-height":"CT_CSS_SKIP_RULE","letter-spacing":"CT_CSS_SKIP_RULE","text-transform":"CT_CSS_SKIP_RULE","text-decoration":"CT_CSS_SKIP_RULE"},"pageTitleFontColor":{"default":{"color":"CT_CSS_SKIP_RULEDEFAULT"}},"pageMetaFont":{"family":"Default","variation":"n6","size":"12px","line-height":"1.3","letter-spacing":"CT_CSS_SKIP_RULE","text-transform":"uppercase","text-decoration":"CT_CSS_SKIP_RULE"},"pageMetaFontColor":{"default":{"color":"CT_CSS_SKIP_RULEDEFAULT"},"hover":{"color":"CT_CSS_SKIP_RULEDEFAULT"}},"page_meta_button_type_font_colors":{"default":{"color":"CT_CSS_SKIP_RULEDEFAULT"},"hover":{"color":"CT_CSS_SKIP_RULEDEFAULT"}},"page_meta_button_type_background_colors":{"default":{"color":"CT_CSS_SKIP_RULEDEFAULT"},"hover":{"color":"CT_CSS_SKIP_RULEDEFAULT"}},"pageExcerptFont":{"family":"Default","variation":"Default","size":"CT_CSS_SKIP_RULE","line-height":"CT_CSS_SKIP_RULE","letter-spacing":"CT_CSS_SKIP_RULE","text-transform":"CT_CSS_SKIP_RULE","text-decoration":"CT_CSS_SKIP_RULE"},"pageExcerptColor":{"default":{"color":"CT_CSS_SKIP_RULEDEFAULT"}},"breadcrumbsFont":{"family":"Default","variation":"Default","size":"CT_CSS_SKIP_RULE","line-height":"CT_CSS_SKIP_RULE","letter-spacing":"CT_CSS_SKIP_RULE","text-transform":"CT_CSS_SKIP_RULE","text-decoration":"CT_CSS_SKIP_RULE"},"breadcrumbsFontColor":{"default":{"color":"CT_CSS_SKIP_RULEDEFAULT"},"initial":{"color":"CT_CSS_SKIP_RULEDEFAULT"},"hover":{"color":"CT_CSS_SKIP_RULEDEFAULT"}},"pageTitleOverlay":{"background_type":"color","background_pattern":"type-1","background_image":{"attachment_id":null,"x":0,"y":0},"gradient":"linear-gradient(135deg,rgba(6,147,227,1) 0%,rgb(155,81,224) 100%)","background_repeat":"repeat","background_size":"auto","background_attachment":"scroll","patternColor":{"default":{"color":"#e5e7ea"}},"overlayColor":{"default":{"color":"CT_CSS_SKIP_RULE"}},"backgroundColor":{"default":{"color":"CT_CSS_SKIP_RULE"}}},"pageTitleBackground":{"background_type":"color","background_pattern":"type-1","background_image":{"attachment_id":null,"x":0,"y":0},"gradient":"linear-gradient(135deg,rgba(6,147,227,1) 0%,rgb(155,81,224) 100%)","background_repeat":"repeat","background_size":"auto","background_attachment":"scroll","patternColor":{"default":{"color":"#e5e7ea"}},"overlayColor":{"default":{"color":"CT_CSS_SKIP_RULE"}},"backgroundColor":{"default":{"color":"var(--theme-palette-color-6)"}}},"pageTitlePadding":{"top":"50px","bottom":"50px","left":"auto","right":"auto","linked":true},"ee9d86c7d05e9db25e4f3f509cf40d85":"","page_structure_type":"default","d3b5540d0f79607fb9d99876e77849e0":"","content_style_source":"inherit","content_style":"wide","vertical_spacing_source":"custom","content_area_spacing":"none","background":{"background_type":"color","background_pattern":"type-1","background_image":{"attachment_id":null,"x":0,"y":0},"gradient":"linear-gradient(135deg,rgba(6,147,227,1) 0%,rgb(155,81,224) 100%)","background_repeat":"repeat","background_size":"auto","background_attachment":"scroll","patternColor":{"default":{"color":"#e5e7ea"}},"overlayColor":{"default":{"color":"CT_CSS_SKIP_RULE"}},"backgroundColor":{"default":{"color":"CT_CSS_SKIP_RULE"}}},"content_background":{"background_type":"color","background_pattern":"type-1","background_image":{"attachment_id":null,"x":0,"y":0},"gradient":"linear-gradient(135deg,rgba(6,147,227,1) 0%,rgb(155,81,224) 100%)","background_repeat":"repeat","background_size":"auto","background_attachment":"scroll","patternColor":{"default":{"color":"#e5e7ea"}},"overlayColor":{"default":{"color":"CT_CSS_SKIP_RULE"}},"backgroundColor":{"default":{"color":"var(--theme-palette-color-8)"}}},"content_boxed_shadow":{"inherit":false,"blur":18,"spread":-6,"v_offset":12,"h_offset":0,"inset":false,"enable":true,"color":{"color":"rgba(34, 56, 101, 0.04)"}},"content_boxed_border":{"width":1,"style":"none","color":{"color":"rgba(44,62,80,0.2)"}},"content_boxed_radius":{"top":"3px","bottom":"3px","left":"3px","right":"3px","linked":true},"boxed_content_spacing":{"desktop":{"top":"40px","bottom":"40px","left":"40px","right":"40px","linked":true},"tablet":{"top":"35px","bottom":"35px","left":"35px","right":"35px","linked":true},"mobile":{"top":"20px","bottom":"20px","left":"20px","right":"20px","linked":true}},"8b2e013b9a07d5546121deed812978fd":"","disable_featured_image":"no","disable_share_box":"no","disable_header":"no","disable_footer":"no","styles_descriptor":{"styles":{"desktop":"","tablet":"","mobile":""},"google_fonts":[],"version":6}},"_links":{"self":[{"href":"https:\/\/uluform.com\/en\/wp-json\/wp\/v2\/pages\/1142"}],"collection":[{"href":"https:\/\/uluform.com\/en\/wp-json\/wp\/v2\/pages"}],"about":[{"href":"https:\/\/uluform.com\/en\/wp-json\/wp\/v2\/types\/page"}],"author":[{"embeddable":true,"href":"https:\/\/uluform.com\/en\/wp-json\/wp\/v2\/users\/1"}],"replies":[{"embeddable":true,"href":"https:\/\/uluform.com\/en\/wp-json\/wp\/v2\/comments?post=1142"}],"version-history":[{"count":197,"href":"https:\/\/uluform.com\/en\/wp-json\/wp\/v2\/pages\/1142\/revisions"}],"predecessor-version":[{"id":2111,"href":"https:\/\/uluform.com\/en\/wp-json\/wp\/v2\/pages\/1142\/revisions\/2111"}],"wp:attachment":[{"href":"https:\/\/uluform.com\/en\/wp-json\/wp\/v2\/media?parent=1142"}],"curies":[{"name":"wp","href":"https:\/\/api.w.org\/{rel}","templated":true}]}}